{"id":821,"date":"2024-11-01T14:31:21","date_gmt":"2024-11-01T13:31:21","guid":{"rendered":"https:\/\/victorize.fr\/?page_id=821"},"modified":"2024-11-01T14:31:21","modified_gmt":"2024-11-01T13:31:21","slug":"guide-pour-lancer-son-site-sur-wordpress","status":"publish","type":"page","link":"https:\/\/victorize.fr\/Agence-creation-sites-web-toulouse\/guide-pour-lancer-son-site-sur-wordpress\/","title":{"rendered":"Guide de cr\u00e9ation de site sur WordPress"},"content":{"rendered":"<h1>Le guide de cr\u00e9ation de site web sur WordPress<\/h1>\n<h3>\n<p>1. Qu\u2019est-ce que WordPress ? wordpress. org et wordpress. com<\/h3>\n<p>2. Les \u00e9tapes de cr\u00e9ation d\u2019un site web wordpress<\/p>\n<ol>\n<li>Choisir son h\u00e9bergeur<\/li>\n<li>Installer WordPress<\/li>\n<li>Personnaliser son site WordPress<\/li>\n<li>Cr\u00e9er du contenu sur son site<\/li>\n<li>S\u00e9lectionner et installer des plug-ins<\/li>\n<li>Prot\u00e9ger son site<\/li>\n<\/ol>\n<p>La cr\u00e9ation d\u2019un site web peut para\u00eetre tr\u00e8s compliqu\u00e9e,\u00a0 inaccessible pour des d\u00e9butants connaissant tr\u00e8s peu l\u2019univers du web.<\/p>\n<p>Le logiciel WordPress contribue grandement \u00e0 simplifier ce processus et permet au plus grand nombre de<br \/>\nconcevoir un site fonctionnel, esth\u00e9tique et efficace, le tout de mani\u00e8re rapide.<\/p>\n<p>D\u00e9couvrez comment cr\u00e9er un site fluide et esth\u00e9tique en toute autonomie.<\/p>\n<p>&nbsp;<\/p>\n<h3>Qu\u2019est-ce que WordPress ?<\/h3>\n<p>Cr\u00e9\u00e9 au d\u00e9but des ann\u00e9es 2000, l\u2019outil WordPress appartient \u00e0 la cat\u00e9gorie des CMS,<br \/>\nContent Management Systems, il s\u2019agit d\u2019un logiciel de gestion de contenu.<\/p>\n<p>Plus pr\u00e9cis\u00e9ment, cet outil libre d\u2019acc\u00e8s et gratuit permet de concevoir, personnaliser et alimenter tr\u00e8s facilement son propre site web. Id\u00e9al pour les n\u00e9ophytes, il comporte un large catalogue de mod\u00e8les de mise en page et peut stocker tous les m\u00e9dias, images,<br \/>\nvid\u00e9os et articles de blog li\u00e9s \u00e0 un site web.<\/p>\n<p>Une grande partie des th\u00e8mes disponibles<br \/>\ndemeurent gratuits et r\u00e9pondent \u00e0 tous les besoins : sites vitrine, boutiques en ligne, blogs.<\/p>\n<p>De par sa simplicit\u00e9 d\u2019utilisation et les multiples possibilit\u00e9s qu\u2019il offre, WordPress constitue l\u2019un des outils favoris des cr\u00e9ateurs de sites web. De nombreux sites tr\u00e8s fr\u00e9quent\u00e9s sont d\u2019ailleurs con\u00e7us avec cet outil : celui de la Maison Blanche, le site vitrine de la Walt Disney Company ou encore celui du magazine de mode Vogue.<\/p>\n<p>Le logiciel WordPress s\u2019ouvre dans un navigateur web classique et peut s\u2019installer soit en ligne, soit en local sur un ordinateur. En plus d\u2019offrir la possibilit\u00e9 d\u2019int\u00e9grer plusieurs types de contenus sur un site enti\u00e8rement personnalisable, WordPress permet aussi d\u2019attribuer un<br \/>\nacc\u00e8s \u00e0 plusieurs utilisateurs.<\/p>\n<p>Ceux-ci b\u00e9n\u00e9ficient alors d\u2019identifiants et de droits diff\u00e9rents.<br \/>\nIl faut distinguer les administrateurs, qui peuvent agir sur l\u2019ensemble des param\u00e8tres du site, les \u00e9diteurs et auteurs, qui peuvent ajouter certains types de ressources seulement, les contributeurs, dont les possibilit\u00e9s sont encore plus r\u00e9duites et occasionnelles et<br \/>\nles abonn\u00e9s, qui re\u00e7oivent des informations de la part du site sans le modifier.<\/p>\n<p>wordpress.org et wordpress.com<br \/>\nParmi les subtilit\u00e9s \u00e0 conna\u00eetre dans l\u2019univers WordPress, la principale vient<br \/>\nde la diff\u00e9rence entre les plateformes wordpress.org et wordpress.com.<br \/>\nLa premi\u00e8re correspond \u00e0 l\u2019outil officiel de WordPress et permet de t\u00e9l\u00e9charger sa derni\u00e8re version open<br \/>\nsource gratuitement.<\/p>\n<p>5 Pour l\u2019utiliser, il reste cependant n\u00e9cessaire de disposer d\u2019un site web h\u00e9berg\u00e9 sur une autre plateforme, depuis laquelle il est possible de t\u00e9l\u00e9charger directement le logiciel WordPress.<\/p>\n<p>\u00c0 l\u2019inverse, worpress.com appartient \u00e0 la soci\u00e9t\u00e9 Automattic, fondatrice de WordPress. Cette plateforme propose \u00e0 la fois la cr\u00e9ation d\u2019un site avec l\u2019outil mais<br \/>\naussi son h\u00e9bergement de mani\u00e8re gratuite.<\/p>\n<p>&nbsp;<\/p>\n<p>Les \u00e9tapes de cr\u00e9ation d\u2019un site web WordPress<\/p>\n<p>Un site web ne peut exister sans h\u00e9bergement.<\/p>\n<p>Il s\u2019agit de cr\u00e9er un espace de stockage sur un serveur qui va accueillir le site web.<\/p>\n<p>Avant de se lancer dans la personnalisation de son site, il convient donc de lui donner une existence r\u00e9elle, ce qui se fait aupr\u00e8s d\u2019un h\u00e9bergeur.<\/p>\n<p>Le choix de ce dernier d\u00e9pend de nombreux crit\u00e8res : prix, niveau de s\u00e9curit\u00e9, sauvegardes automatiques, espace de stockage propos\u00e9, support client, r\u00e9activit\u00e9.<br \/>\nIl existe \u00e9norm\u00e9ment d\u2019h\u00e9bergeurs diff\u00e9rents : Ionos, Hostinger, o2switch.<br \/>\nUne premi\u00e8re analyse semble donc s\u2019imposer pour choisir le mieux adapt\u00e9 \u00e0 vos besoins.<\/p>\n<p>D\u00e9finir son nom de domaine<br \/>\nUne fois l\u2019h\u00e9bergeur s\u00e9lectionn\u00e9 et l\u2019espace virtuel du site achet\u00e9, il faut d\u00e9finir un nom de domaine, c\u2019est-\u00e0-dire l\u2019adresse URL du site web. Cette adresse sert \u00e0 retrouver le site sur internet lors d\u2019une recherche et figure sur l\u2019ensemble<br \/>\ndes supports de communications. De mani\u00e8re g\u00e9n\u00e9rale, mieux vaut opter<br \/>\npour un nom de domaine simple se terminant en .com ou .fr.<br \/>\nCertains h\u00e9bergeurs proposent d\u2019ailleurs d\u2019offrir ce nom de domaine.<\/p>\n<p>8 Installer WordPress<br \/>\nD\u00e8s lors que le site web existe et poss\u00e8de un nom de domaine, WordPress peut<br \/>\n\u00eatre install\u00e9. Pour ce faire, la m\u00e9thode la plus simple consiste \u00e0 passer par<br \/>\nl\u2019h\u00e9bergeur. En raison de sa popularit\u00e9, beaucoup de plateformes comme Hostinger, par exemple, proposent d\u2019ailleurs d\u2019installer automatiquement WordPress.<\/p>\n<p>Une fois connect\u00e9 \u00e0 votre espace, la possibilit\u00e9 de t\u00e9l\u00e9charger l\u2019outil appara\u00eet<br \/>\nrapidement. La proc\u00e9dure d\u2019installation d\u00e9pend de l\u2019h\u00e9bergeur mais se r\u00e9v\u00e8le souvent<br \/>\ntr\u00e8s simple : plusieurs mails sont successivement envoy\u00e9s et vous permettent d\u2019acc\u00e9der<br \/>\n\u00e0 votre espace sur WordPress pour personnaliser votre site.<\/p>\n<p>Il demeure \u00e9galement possible d\u2019installer son site en local, ce qui n\u00e9cessite de<br \/>\nposs\u00e9der une base de donn\u00e9es MySQL sur son ordinateur car le CMS en requiert une et communique en langage PHP. Cette solution, qui para\u00eet plus contraignante, s\u2019av\u00e8re plus s\u00e9curisante car elle garantit une sauvegarde hors ligne du site. Quoi qu\u2019il se passe sur internet, il existe toujours au moins une copie intacte du site en interne sur un poste.<\/p>\n<p>Personnaliser son site web<br \/>\nWordPress<br \/>\nR\u00e9gler les param\u00e8tres de base<br \/>\nD\u00e8s que WordPress est install\u00e9, il convient de r\u00e9gler certains param\u00e8tres instaur\u00e9s<br \/>\npar d\u00e9faut sur le site. Pour ce faire, il faut se rendre dans l\u2019onglet R\u00e9glages, du<br \/>\nmenu principal. Celui-ci permet alors de modifier le nom du site, dans la partie<br \/>\nG\u00e9n\u00e9ral, de s\u00e9lectionner la page d\u2019accueil dans Lecture ou encore de changer la<br \/>\nstructure des permaliens.<\/p>\n<p>Choisir un th\u00e8me esth\u00e9tique et responsive<br \/>\nUn site web peut servir diff\u00e9rents objectifs : boutique en ligne, vitrine, portfolio<br \/>\nen ligne&#8230; En fonction de sa vocation, le th\u00e8me \u00e0 choisir doit donc offrir certaines<br \/>\npossibilit\u00e9s. Dans tous les cas, il doit s\u2019av\u00e9rer responsive et s\u2019adapter \u00e0 toutes les tailles<br \/>\nd\u2019\u00e9cran. Il existe pl\u00e9thore de th\u00e8mes WordPress gratuits et payants, disponibles dans<br \/>\nl\u2019onglet Apparence puis Th\u00e8mes.<\/p>\n<p>Cr\u00e9er le menu du site web<br \/>\nLe menu permet aux visiteurs de consulter les diff\u00e9rentes pages du site.<\/p>\n<p>Il doit donc comporter des liens vers chacune de celles que les internautes cherchent \u00e0 atteindre, par exemple les pages Contact ou \u00c0 propos.<\/p>\n<p>Pour le param\u00e9trer, il faut se rendre dans l\u2019onglet Apparence, puis Menus, dans<br \/>\nle menu principal \u00e0 gauche de l\u2019\u00e9cran. Il devient alors possible de s\u00e9lectionner<br \/>\nles pages \u00e0 int\u00e9grer et leur niveau de hi\u00e9rarchie.<\/p>\n<p>&nbsp;<\/p>\n<p>Personnaliser le header et le footer des pages de votre site web.<\/p>\n<p>Parmi les \u00e9l\u00e9ments visuels importants \u00e0 configurer se trouvent le header et le footer.<\/p>\n<p>Correspondant aux en-t\u00eate et pied de page, ils apparaissent de mani\u00e8re identique sur chaque page.<\/p>\n<p>Le pied de page, footer, comporte souvent des informations pratiques comme le plan du site, des liens vers les pages moins populaires ou des donn\u00e9es l\u00e9gales, comme les CGV ou les coordonn\u00e9es de contact.<\/p>\n<p>Cr\u00e9er du contenu sur son site web<br \/>\nCr\u00e9er des pages de votre site web<br \/>\nUne fois le travail sur l\u2019aspect visuel du site termin\u00e9, il faut concevoir les pages<br \/>\net int\u00e9grer les contenus.<\/p>\n<p>Les pages du site doivent donc faire l\u2019objet d\u2019une r\u00e9flexion s\u00e9rieuse avant sa conception. Pour les cr\u00e9er, il suffit de se rendre dans le menu vertical, \u00e0 gauche de l\u2019\u00e9cran, dans l\u2019onglet Pages puis de cliquer sur Ajouter.<\/p>\n<p>Contrairement aux Articles, les Pages ne pr\u00e9sentent pas de date et se destinent \u00e0 l\u2019affichage de contenus dits \u00ab statiques \u00bb, qui ne sont pas amen\u00e9s \u00e0 \u00e9voluer avec le temps.<\/p>\n<p>Elles repr\u00e9sentent\u00a0 le format id\u00e9al pour les sections \u00c0 propos ou Contact du site.<\/p>\n<p>Leur aspect visuel restant pr\u00e9d\u00e9fini par le th\u00e8me choisi, le plus gros du travail consiste alors \u00e0 int\u00e9grer des<\/p>\n<p>textes, d\u00e9coup\u00e9s en paragraphes, et des images, et \u00e0 mettre le tout en forme.<\/p>\n<p>Cette \u00e9tape, qui peut sembler compliqu\u00e9e pour un n\u00e9ophyte, se r\u00e9v\u00e8le en r\u00e9alit\u00e9 grandement simplifi\u00e9e par l\u2019utilisation de certaines extensions telles qu\u2019Elementor, qui permettent de cr\u00e9er, d\u00e9placer et agencer tr\u00e8s simplement des blocs de diff\u00e9rentes natures sur une page.<\/p>\n<p>Cr\u00e9er des cat\u00e9gories dans votre site web<br \/>\nLa bonne hi\u00e9rarchisation des divers \u00e9l\u00e9ments pr\u00e9sents sur le site garantit une<br \/>\nmeilleure optimisation pour le r\u00e9f\u00e9rencement.<\/p>\n<p>Un site \u00e0 l\u2019architecture correctement<br \/>\nconstruite et au contenu bien organis\u00e9 pr\u00e9sente davantage de chances d\u2019arriver dans le sommet des r\u00e9sultats affich\u00e9s par les moteurs de recherche. Si le site poss\u00e8de un blog, il devient donc important de veiller \u00e0 cr\u00e9er plusieurs cat\u00e9gories, dans lesquelles les articles<br \/>\npubli\u00e9s seront regroup\u00e9s.<\/p>\n<p>Cette d\u00e9marche permet \u00e0 la fois aux moteurs de recherche d\u2019examiner les contenus du site plus facilement et aux visiteurs de mieux s\u2019y retrouver.<\/p>\n<p>Pour les internautes, effectuer une recherche d\u2019articles par cat\u00e9gorie se r\u00e9v\u00e8le beaucoup plus simple que d\u2019analyser des listes de contenus, page apr\u00e8s page.<\/p>\n<p>Les articles de blog doivent \u00e9galement, par la suite, respecter une structure bien pr\u00e9cise pour optimiser le r\u00e9f\u00e9rencement du site. Dans cette optique, l\u2019ajout de liens internes, reliant des pages du site entre elles, fait \u00e9galement partie des \u00e9l\u00e9ments \u00e0 mettre en place absolument pour \u00eatre mis en valeur par les moteurs de recherche.<\/p>\n<p>G\u00e9rer les m\u00e9dias dans votre site web<br \/>\nLe poids des m\u00e9dias et leurs descriptions impactent la vitesse de chargement des<br \/>\npages et touche donc \u00e0 la fois le r\u00e9f\u00e9rencement global du site mais aussi la qualit\u00e9 de la navigation des internautes.<\/p>\n<p>Il faut donc veiller \u00e0 ne pas int\u00e9grer de m\u00e9dias trop lourds, id\u00e9alement compris entre 50 et 500 Go.<\/p>\n<p>12<br \/>\nS\u00e9lectionner et installer des plug-ins<\/p>\n<p>\u00c0 quoi servent les plugins ?<br \/>\nLes plugins, parfois appel\u00e9s add-ons ou extensions, sont de petits programmes<br \/>\nadditionnels qui conf\u00e8rent de nouvelles fonctionnalit\u00e9s \u00e0 un logiciel.<\/p>\n<p>Parmi les plus connus, il y a notamment les plugins bloquant les publicit\u00e9s dans les moteurs de recherche, par exemple, ou ceux v\u00e9rifiant l\u2019orthographe des pages de sites web.<\/p>\n<p>Dans le cas de WordPress, il existe des milliers de plugins qui peuvent remplir de multiples fonctions : s\u00e9curit\u00e9, optimisation SEO, mise en page, ajout d\u2019une boutique en ligne.<br \/>\nComme dans tous les domaines, les plugins peuvent \u00eatre gratuits ou bien payants, en fonction du nombre de fonctionnalit\u00e9s qu\u2019ils offrent et de leur qualit\u00e9.<\/p>\n<p>Exemples de plugins reconnus<br \/>\nParmi les premiers plugins recommand\u00e9s aux cr\u00e9ateurs de sites web, il faudra compter notamment tous les programmes li\u00e9s au r\u00e9f\u00e9rencement naturel. Des programmes tels que Yoast SEO ou Rank Math se r\u00e9v\u00e8lent tr\u00e8s populaires pour optimiser ses contenus pour le r\u00e9f\u00e9rencement en temps r\u00e9el avant de les publier. Il existe \u00e9galement des plugins<br \/>\ngarantissant la s\u00e9curit\u00e9 du site comme iThemes Security.<\/p>\n<p>Pour acc\u00e9l\u00e9rer la vitesse de chargement des pages, WP Rocket est souvent recommand\u00e9. Enfin, le plugin HubSpot<br \/>\npour WordPress permet d\u2019acc\u00e9der \u00e0 toutes les fonctionnalit\u00e9s des logiciels HubSpot.<\/p>\n<p>13<br \/>\nProt\u00e9ger son site web<br \/>\nUne fois le site WordPress cr\u00e9\u00e9 et mis en ligne, il est important de le maintenir<br \/>\n\u00e0 jour afin d\u2019\u00e9viter toute attaque ext\u00e9rieure.<\/p>\n<p>Comme il s\u2019agit de l\u2019outil pr\u00e9f\u00e9r\u00e9 des cr\u00e9ateurs de sites web, il fait in\u00e9vitablement l\u2019objet de nombreuses attaques. Il existe, heureusement, plusieurs astuces pour assurer facilement la s\u00e9curit\u00e9 de son site.<\/p>\n<p>Effectuer les mises \u00e0 jour n\u00e9cessaires dans votre site web.<br \/>\nLes concepteurs de WordPress perfectionnent l\u2019outil de fa\u00e7on constante et impl\u00e9mentent donc tr\u00e8s r\u00e9guli\u00e8rement des nouvelles corrections li\u00e9es \u00e0 la s\u00e9curit\u00e9 du logiciel.<\/p>\n<p>L\u2019une des premi\u00e8res choses \u00e0 faire pour s\u00e9curiser un site WordPress reste<br \/>\ndonc de surveiller les mises \u00e0 jour et de les effectuer d\u00e8s qu\u2019elles apparaissent.<br \/>\nIl en va de m\u00eame pour les plugins int\u00e9gr\u00e9s au site.<\/p>\n<p>Ceux-ci font \u00e9galement l\u2019objet<br \/>\nde mises \u00e0 jour r\u00e9guli\u00e8res qu\u2019il convient d\u2019appliquer pour \u00e9viter que les hackers ne<br \/>\ns\u2019infiltrent par une br\u00e8che de s\u00e9curit\u00e9 pr\u00e9sente dans une version ant\u00e9rieure.<\/p>\n<p>Pour \u00e9viter ce probl\u00e8me, WordPress propose d\u2019automatiser toutes les mises \u00e0 jour des diff\u00e9rentes fonctionnalit\u00e9s du site \u00e0 partir de l\u2019onglet Extensions, dans le menu \u00e0 gauche de l\u2019\u00e9cran. Celles-ci sont alors pr\u00e9sent\u00e9es sous forme de liste et il suffit de cocher la case d\u2019activation des mises \u00e0 jour automatiques.<\/p>\n<p>Sauvegarder sa base de donn\u00e9es r\u00e9guli\u00e8rement de votre site web<br \/>\nL\u2019une des astuces les plus connues consiste \u00e0 effectuer des sauvegardes r\u00e9guli\u00e8res de son site pour en poss\u00e9der une copie intacte en cas de p\u00e9pin.<\/p>\n<p>Il s\u2019agit alors d\u2019enregistrer toute la base de donn\u00e9es sur un disque dur externe ou sur un ordinateur physique.<\/p>\n<p>Les professionnels recommandent de s\u2019en occuper de fa\u00e7on hebdomadaire<br \/>\nmais ce r\u00e9flexe n\u2019est pas forc\u00e9ment \u00e9vident \u00e0 acqu\u00e9rir. Il existe donc des plugins WordPress r\u00e9alisant automatiquement des sauvegardes du site, tels que BackWPup ou UpdraftPlus WordPress Backup plugin.<\/p>\n<p>14<br \/>\nT\u00e9l\u00e9charger un plugin d\u2019antivirus officiel dans votre site web<br \/>\nIl existe des plugins sp\u00e9ciaux destin\u00e9s \u00e0 s\u00e9curiser les sites WordPress.<br \/>\nCes extensions prot\u00e8gent le site contre les attaques ext\u00e9rieures, les virus et informent le propri\u00e9taire en direct \u00e0 la moindre action suspecte.<\/p>\n<p>Parmi les plus connus, on retrouve notamment Wordfence Security, SecuPress, WP fail2ban ou encore All In One WP Security &amp; Firewall.<\/p>\n<p>&nbsp;<\/p>\n<p>15<br \/>\nEn bref Si la cr\u00e9ation de site web peut rebuter les d\u00e9butants, le logiciel WordPress permet d\u00e9sormais \u00e0 n\u2019importe qui de concevoir un site web efficace, r\u00e9pondant \u00e0 tous types de besoins.<\/p>\n<p>L\u2019outil pr\u00e9voit en effet des mod\u00e8les faciles \u00e0 t\u00e9l\u00e9charger, correspondant \u00e0 la fois \u00e0 des sites vitrine, portfolio en ligne, e-commerce&#8230;<\/p>\n<p>Le processus de conception d\u2019un site web WordPress se d\u00e9roule en plusieurs \u00e9tapes :<br \/>\nchoix de l\u2019h\u00e9bergeur et du nom de domaine pour donner une existence r\u00e9elle au site, t\u00e9l\u00e9chargement et installation de WordPress, personnalisation graphique du site, ajout<br \/>\nde contenus personnels et mise en place d\u2019une strat\u00e9gie de protection.<\/p>\n<p>L\u2019interface du logiciel reste volontairement tr\u00e8s basique, avec des intitul\u00e9s simples et clairs.<\/p>\n<p>Pour prot\u00e9ger son site web et lui assurer la plus longue dur\u00e9e de vie possible, l\u2019astuce consiste \u00e0 effectuer toutes les mises \u00e0 jour disponibles de fa\u00e7on automatique.<\/p>\n<p>Ce geste tr\u00e8s simple et facile \u00e0 automatiser garantit un site \u00e0 votre image, fonctionnel et s\u00e9curis\u00e9.<\/p>\n<p>16<br \/>\nHubSpot CRM<br \/>\nD\u00e9couvrez comment le CRM gratuit de HubSpot<br \/>\npermet de tirer le meilleur parti<br \/>\nde votre site WordPress<\/p>\n<p>Contactez une agence de d\u00e9veloppement de site web WordPress sp\u00e9cialis\u00e9e.<\/p>\n<ul class=\"wp-block-categories-list alignleft wp-block-categories\">\n<li class=\"cat-item cat-item-5\"><a href=\"https:\/\/victorize.fr\/category\/victorize-agence-de-communication-creation-de-site-web-toulouse\/\">Agence de communication digitale \u00e0 Toulouse<\/a><\/li>\n<li class=\"cat-item cat-item-21\"><a href=\"https:\/\/victorize.fr\/category\/agence-web-marketing-toulouse\/\">Agence web marketing \u00e0 Toulouse<\/a><\/li>\n<li class=\"cat-item cat-item-22\"><a href=\"https:\/\/victorize.fr\/category\/agence-web-toulouse-conseils-communication-digitale-saint-gaudens-montrejeau-tarbes\/\">Conseils en communication digitale \u00e0 Toulouse<\/a><\/li>\n<li class=\"cat-item cat-item-10\"><a href=\"https:\/\/victorize.fr\/category\/contact-victorize-agence-web-creation-de-site-web-toulouse\/\">Contact Victorize Agence web Toulouse \u00e0 Toulouse<\/a><\/li>\n<li class=\"cat-item cat-item-17\"><a href=\"https:\/\/victorize.fr\/category\/creation-d-e-commerce-toulouse-agence-web-digitale\/\">Cr\u00e9ation d&rsquo;e-commerce, boutique en ligne \u00e0 Toulouse<\/a><\/li>\n<li class=\"cat-item cat-item-16\"><a href=\"https:\/\/victorize.fr\/category\/creation-de-site-web-toulouse\/\">Cr\u00e9ation de site web \u00e0 Toulouse<\/a><\/li>\n<li class=\"cat-item cat-item-13\"><a href=\"https:\/\/victorize.fr\/category\/expert-developpement-web-toulouse-creation-site-web-toulouse\/\">Expert en d\u00e9veloppement web \u00e0 Toulouse<\/a><\/li>\n<li class=\"cat-item cat-item-19\"><a href=\"https:\/\/victorize.fr\/category\/e-mail-e-marketing-toulouse\/\">Gestion d&rsquo;E-mail marketing \u00e0 Toulouse<\/a><\/li>\n<li class=\"cat-item cat-item-18\"><a href=\"https:\/\/victorize.fr\/category\/gestion-de-projet-digital\/\">Gestion de projet web digital \u00e0 Toulouse<\/a><\/li>\n<li class=\"cat-item cat-item-15\"><a href=\"https:\/\/victorize.fr\/category\/creation-didentite-visuelle-web-design-toulouse\/\">Graphisme, web-design \u00e0 Toulouse<\/a><\/li>\n<li class=\"cat-item cat-item-7\"><a href=\"https:\/\/victorize.fr\/category\/victorize-ressource-agence-web-creation-de-site-web\/\">Ressources en d\u00e9veloppement web \u00e0 Toulouse<\/a><\/li>\n<li class=\"cat-item cat-item-20\"><a href=\"https:\/\/victorize.fr\/category\/agence-social-media-marketing-social-community-management-toulouse\/\">Social Marketing , community management \u00e0 Toulouse<\/a><\/li>\n<li class=\"cat-item cat-item-6\"><a href=\"https:\/\/victorize.fr\/category\/solution-victorize-agence-web-creation-de-site-web-toulouse-saint-gaudens\/\">Solutions en d\u00e9veloppement web \u00e0 Toulouse<\/a><\/li>\n<\/ul>\n","protected":false},"excerpt":{"rendered":"<p>Le guide de cr\u00e9ation de site web sur WordPress 1. Qu\u2019est-ce que WordPress ? wordpress. org et wordpress. com 2. Les \u00e9tapes de cr\u00e9ation d\u2019un site web wordpress Choisir son h\u00e9bergeur Installer WordPress Personnaliser son site WordPress Cr\u00e9er du contenu sur son site S\u00e9lectionner et installer des plug-ins Prot\u00e9ger son site La cr\u00e9ation d\u2019un site [&hellip;]<\/p>\n","protected":false},"author":2,"featured_media":0,"parent":0,"menu_order":0,"comment_status":"closed","ping_status":"closed","template":"","meta":{"footnotes":""},"class_list":["post-821","page","type-page","status-publish","hentry"],"_links":{"self":[{"href":"https:\/\/victorize.fr\/Agence-creation-sites-web-toulouse\/wp-json\/wp\/v2\/pages\/821","targetHints":{"allow":["GET"]}}],"collection":[{"href":"https:\/\/victorize.fr\/Agence-creation-sites-web-toulouse\/wp-json\/wp\/v2\/pages"}],"about":[{"href":"https:\/\/victorize.fr\/Agence-creation-sites-web-toulouse\/wp-json\/wp\/v2\/types\/page"}],"author":[{"embeddable":true,"href":"https:\/\/victorize.fr\/Agence-creation-sites-web-toulouse\/wp-json\/wp\/v2\/users\/2"}],"replies":[{"embeddable":true,"href":"https:\/\/victorize.fr\/Agence-creation-sites-web-toulouse\/wp-json\/wp\/v2\/comments?post=821"}],"version-history":[{"count":0,"href":"https:\/\/victorize.fr\/Agence-creation-sites-web-toulouse\/wp-json\/wp\/v2\/pages\/821\/revisions"}],"wp:attachment":[{"href":"https:\/\/victorize.fr\/Agence-creation-sites-web-toulouse\/wp-json\/wp\/v2\/media?parent=821"}],"curies":[{"name":"wp","href":"https:\/\/api.w.org\/{rel}","templated":true}]}}