{"id":7469,"date":"2022-07-25T15:05:17","date_gmt":"2022-07-25T13:05:17","guid":{"rendered":"http:\/\/victoriz.fr\/?p=284"},"modified":"2025-08-02T18:01:30","modified_gmt":"2025-08-02T16:01:30","slug":"agence-web-conseil-communication-digitale-toulouse-2","status":"publish","type":"page","link":"https:\/\/victorize.fr\/Agence-creation-sites-web-toulouse\/agence-web-conseil-communication-digitale-toulouse-2\/","title":{"rendered":"Agence Web Toulouse I Conseils &#038; Accompagnement en Web-Marketing"},"content":{"rendered":"\t\t<div data-elementor-type=\"wp-post\" data-elementor-id=\"7469\" class=\"elementor elementor-7469\" data-elementor-post-type=\"page\">\n\t\t\t\t<div class=\"elementor-element elementor-element-54e48459 e-flex e-con-boxed e-con e-parent\" data-id=\"54e48459\" data-element_type=\"container\">\n\t\t\t\t\t<div class=\"e-con-inner\">\n\t\t\t\t<div class=\"elementor-element elementor-element-5b1a67b8 elementor-widget elementor-widget-text-editor\" data-id=\"5b1a67b8\" data-element_type=\"widget\" data-widget_type=\"text-editor.default\">\n\t\t\t\t<div class=\"elementor-widget-container\">\n\t\t\t\t\t\t\t\t\t<style>\n    \/* Styles globaux *\/\n    body {\n        font-family: Arial, sans-serif;\n        line-height: 1.8;\n        margin: 0;\n        padding: 0;\n        color: #333;\n        background-color: #f9f9f9;\n    }\n\n    .container {\n        max-width: 100%; \/* Utilisation de toute la largeur disponible *\/\n        margin: 0 auto;\n        padding: 5px; \/* R\u00e9duction des marges sur les bords *\/\n    }\n\n    h1, h2, h3 {\n        font-weight: bold;\n        background: linear-gradient(to right, royalblue, deeppink);\n        -webkit-background-clip: text;\n        -webkit-text-fill-color: transparent;\n        margin-bottom: 10px;\n    }\n\n    h1 {\n        font-size: 2em;\n    }\n\n    h3 {\n        font-size: 1.2em;\n    }\n\n    p, ul {\n        margin-bottom: 8px;\n    }\n\n    ul {\n        padding-left: 15px;\n    }\n\n    li {\n        margin-bottom: 8px;\n    }\n\n    a {\n        color: royalblue;\n        text-decoration: none;\n    }\n\n    a:hover {\n        color: deeppink;\n    }\n\n    \/* Colonnes *\/\n    .columns {\n        display: flex;\n        flex-wrap: wrap;\n        gap: 10px; \/* R\u00e9duction de l'\u00e9cart entre les colonnes *\/\n        margin-bottom: 20px;\n    }\n\n    .column {\n        flex: 1;\n        max-width: 50%;\n        box-sizing: border-box;\n    }\n\n    \/* Blocs de contenu *\/\n    .block {\n        background: linear-gradient(135deg, #ffffff, #f9f6f6);\n        padding: 15px 10px; \/* R\u00e9duction de l'espace interne des blocs *\/\n        border-radius: 8px;\n        box-shadow: 0px 2px 6px rgba(0, 0, 0, 0.05);\n    }\n\n    .block-alt {\n        background: linear-gradient(135deg, #ffffff, #f5faff);\n    }\n\n    \/* Responsive *\/\n    @media (max-width: 768px) {\n        .container {\n            padding: 5px; \/* R\u00e9duction suppl\u00e9mentaire des marges pour les petits \u00e9crans *\/\n        }\n\n        .column {\n            flex: 1 1 100%;\n            max-width: 100%;\n        }\n\n        h1 {\n            font-size: 1.5em; \/* Taille r\u00e9duite pour les titres principaux *\/\n        }\n\n        h3 {\n            font-size: 1em; \/* Taille r\u00e9duite pour les sous-titres *\/\n        }\n\n        p, ul {\n            margin-bottom: 6px; \/* R\u00e9duction des marges des paragraphes et listes *\/\n        }\n\n        .block {\n            padding: 10px 8px; \/* R\u00e9duction suppl\u00e9mentaire de l'espace interne *\/\n        }\n    }\n<\/style>\n\n<div class=\"container\">\n    <!-- Section principale -->\n    <div class=\"columns\">\n        <!-- Colonne gauche -->\n        <div class=\"column\">\n            <div class=\"block\">\n                <h1>Conseils &amp; Accompagnement en Web-Marketing<\/h1>\n                <p>Notre approche est centr\u00e9e sur l\u2019\u00e9coute, le conseil, et la compr\u00e9hension des enjeux strat\u00e9giques de nos clients\u202f!<\/p>\n                <p>Afin de mieux d\u00e9ployer les solutions adapt\u00e9es, nous commen\u00e7ons par un audit de performance de l\u2019existant et mettons en place le processus le mieux adapt\u00e9 pour la r\u00e9ussite de votre projet web.<\/p>\n                <p>Notre service technique sp\u00e9cialis\u00e9 en strat\u00e9gie digitale vous accompagne dans l\u2019\u00e9laboration de votre cahier des charges et vous apporte des solutions sur mesure tout au long de la vie de votre projet.<\/p>\n                <p>Vous b\u00e9n\u00e9ficiez d\u2019un accompagnement m\u00e9thodique, d\u2019un service de proximit\u00e9 avec une tra\u00e7abilit\u00e9 en temps r\u00e9el de nos travaux, afin de r\u00e9pondre dans la transparence \u00e0 vos besoins sp\u00e9cifiques.<\/p>\n                <p>Notre \u00e9quipe technique, par son \u00e9coute et son expertise, pilote vos projets avec m\u00e9thodologie pour votre r\u00e9ussite.<\/p>\n            <\/div>\n        <\/div>\n        <!-- Colonne droite -->\n        <div class=\"column\">\n            <div class=\"block block-alt\">\n                <p>L\u2019Agence web Victorize se diff\u00e9rencie par son expertise en mati\u00e8re de communication globale de marketing digital et d\u2019exploitation DATA. Gr\u00e2ce \u00e0 notre m\u00e9thodologie de \u00ab\u202fMarketing Pr\u00e9dictif\u202f\u00bb et \u00e0 notre capacit\u00e9 \u00e0 b\u00e2tir des strat\u00e9gies et plans m\u00e9dia, nous permettons d\u2019acc\u00e9l\u00e9rer la croissance des entreprises et marques de toutes tailles, BtoB et\/ou BtoC, de tous secteurs d\u2019activit\u00e9s, pour l\u2019atteinte de performances mesurables.<\/p>\n                <p>L\u2019agence web Victorize accompagne ses partenaires dans leurs phases de transformations digitales et contribue \u00e0 l\u2019acc\u00e9l\u00e9ration de leur d\u00e9veloppement commercial.<\/p>\n                <p>Notre offre de marketing pr\u00e9dictif repose sur des analyses constantes des comportements d\u2019utilisateurs de vos produits et services, nous permettant de d\u00e9tecter l\u2019intention d\u2019achat des consommateurs et d\u2019ajuster nos outils.<\/p>\n            <\/div>\n        <\/div>\n    <\/div>\n    <!-- Section secondaire -->\n    <div class=\"columns\">\n        <!-- Colonne gauche -->\n        <div class=\"column\">\n            <div class=\"block\">\n                <h3>Missions principales<\/h3>\n                <ul>\n                    <li>Audits, conseils, et accompagnements\u202f: strat\u00e9gie 360\u00b0<\/li>\n                    <li>Campagnes Social Ads \/ Google Ads (SEA) \/ Plan m\u00e9dia 360\u00b0 \/ Lead Gen<\/li>\n                    <li>R\u00e9f\u00e9rencement naturel (SEO)<\/li>\n                    <li>Social media &amp; strat\u00e9gie des contenus<\/li>\n                    <li>Studio cr\u00e9atif\u202f: identit\u00e9 de marque, logo, charte graphique, concept cr\u00e9atif, motion design, print et publicit\u00e9<\/li>\n                    <li>D\u00e9veloppement web (vitrine, e-commerce, sur mesure, CMS, apps mobiles, UI\/UX)<\/li>\n                    <li>Outils webmarketing (CRM, Marketing Automation, Customer Data Platform, chatbot, marketplace)<\/li>\n                <\/ul>\n            <\/div>\n        <\/div>\n        <!-- Colonne droite -->\n        <div class=\"column\">\n            <div class=\"block block-alt\">\n                <h3>Nos technologies et outils<\/h3>\n                <p>Nous ciblons pr\u00e9cis\u00e9ment vos clients\/prospects sur les plus grands m\u00e9dias et r\u00e9seaux sociaux \u00e0 proximit\u00e9 de vos points de vente. Nous impl\u00e9mentons \u00e9galement une Customer Data Platform (CDP) dans des e-commerces.<\/p>\n                <p>Gr\u00e2ce \u00e0 l\u2019intelligence artificielle, nous optimisons les paniers moyens de vos sites de vente. Cette CDP omnicanale peut \u00e9galement interagir avec vos magasins physiques pour un parcours fluide.<\/p>\n                <p>Notre plateforme CDP sert \u00e0 centraliser toutes les donn\u00e9es clients et \u00e0 les unifier autour des profils pertinents avec un programme de fid\u00e9lit\u00e9 adapt\u00e9.<\/p>\n                <p style=\"text-align: center; font-size: 1.2em; font-weight: bold; color: #4a90e2;\">Pour une \u00e9tude de votre projet web :<\/p>\n                <p style=\"text-align: center;\"><a href=\"https:\/\/victorize.fr\">Contactez-nous<\/a><\/p>\n            <\/div>\n        <\/div>\n    <\/div>\n<\/div>\t\t\t\t\t\t\t\t<\/div>\n\t\t\t\t<\/div>\n\t\t\t\t\t<\/div>\n\t\t\t\t<\/div>\n\t\t\t\t<\/div>\n\t\t","protected":false},"excerpt":{"rendered":"<p>Conseils &amp; Accompagnement en Web-Marketing Notre approche est centr\u00e9e sur l\u2019\u00e9coute, le conseil, et la compr\u00e9hension des enjeux strat\u00e9giques de nos clients\u202f! Afin de mieux d\u00e9ployer les solutions adapt\u00e9es, nous commen\u00e7ons par un audit de performance de l\u2019existant et mettons en place le processus le mieux adapt\u00e9 pour la r\u00e9ussite de votre projet web. Notre [&hellip;]<\/p>\n","protected":false},"author":1,"featured_media":0,"parent":0,"menu_order":0,"comment_status":"closed","ping_status":"closed","template":"","meta":{"footnotes":""},"class_list":["post-7469","page","type-page","status-publish","hentry"],"_links":{"self":[{"href":"https:\/\/victorize.fr\/Agence-creation-sites-web-toulouse\/wp-json\/wp\/v2\/pages\/7469","targetHints":{"allow":["GET"]}}],"collection":[{"href":"https:\/\/victorize.fr\/Agence-creation-sites-web-toulouse\/wp-json\/wp\/v2\/pages"}],"about":[{"href":"https:\/\/victorize.fr\/Agence-creation-sites-web-toulouse\/wp-json\/wp\/v2\/types\/page"}],"author":[{"embeddable":true,"href":"https:\/\/victorize.fr\/Agence-creation-sites-web-toulouse\/wp-json\/wp\/v2\/users\/1"}],"replies":[{"embeddable":true,"href":"https:\/\/victorize.fr\/Agence-creation-sites-web-toulouse\/wp-json\/wp\/v2\/comments?post=7469"}],"version-history":[{"count":0,"href":"https:\/\/victorize.fr\/Agence-creation-sites-web-toulouse\/wp-json\/wp\/v2\/pages\/7469\/revisions"}],"wp:attachment":[{"href":"https:\/\/victorize.fr\/Agence-creation-sites-web-toulouse\/wp-json\/wp\/v2\/media?parent=7469"}],"curies":[{"name":"wp","href":"https:\/\/api.w.org\/{rel}","templated":true}]}}