{"id":6403,"date":"2025-06-24T15:20:29","date_gmt":"2025-06-24T13:20:29","guid":{"rendered":"https:\/\/victorize.fr\/agence-web-toulouse\/?page_id=6403"},"modified":"2025-07-14T20:51:07","modified_gmt":"2025-07-14T18:51:07","slug":"agence-web-toulouse-marketing-digital-creation-de-site-web-a-toulouse","status":"publish","type":"page","link":"https:\/\/victorize.fr\/Agence-creation-sites-web-toulouse\/agence-web-toulouse-marketing-digital-creation-de-site-web-a-toulouse\/","title":{"rendered":"Agence Web Toulouse I Marketing Social et Digital avec Victorize"},"content":{"rendered":"<p>&nbsp;<\/p>\n<style>\n        \/* Styles globaux *\/<br \/>        body {<br \/>            font-family: Arial, sans-serif;<br \/>            line-height: 1.8;<br \/>            margin: 0;<br \/>            padding: 0;<br \/>            color: #333;<br \/>            background-color: #f9f9f9;<br \/>        }<\/p>\n<p>        .container {<br \/>            max-width: 1200px;<br \/>            margin: 0 auto;<br \/>            padding: 20px;<br \/>        }<\/p>\n<p>        h1, h2, h3, h5 {<br \/>            font-weight: bold;<br \/>            background: linear-gradient(to right, royalblue, deeppink);<br \/>            -webkit-background-clip: text;<br \/>            -webkit-text-fill-color: transparent;<br \/>            margin-bottom: 20px;<br \/>        }<\/p>\n<p>        h1 {<br \/>            font-size: 2.5em;<br \/>        }<\/p>\n<p>        h2 {<br \/>            font-size: 2em;<br \/>        }<\/p>\n<p>        h3 {<br \/>            font-size: 1.5em;<br \/>        }<\/p>\n<p>        h5 {<br \/>            font-size: 1.2em;<br \/>        }<\/p>\n<p>        p, ul {<br \/>            margin-bottom: 15px;<br \/>        }<\/p>\n<p>        ul {<br \/>            padding-left: 20px;<br \/>        }<\/p>\n<p>        li {<br \/>            margin-bottom: 10px;<br \/>        }<\/p>\n<p>        img {<br \/>            max-width: 100%;<br \/>            border-radius: 10px;<br \/>        }<\/p>\n<p>        .block {<br \/>            background: #ffffff;<br \/>            padding: 30px;<br \/>            border-radius: 10px;<br \/>            box-shadow: 0px 2px 10px rgba(0, 0, 0, 0.1);<br \/>            margin-bottom: 30px;<br \/>        }<\/p>\n<p>        .cta {<br \/>            text-align: center;<br \/>            margin: 40px 0;<br \/>        }<\/p>\n<p>        .cta a {<br \/>            display: inline-block;<br \/>            background: linear-gradient(to right, royalblue, deeppink);<br \/>            color: #fff;<br \/>            padding: 15px 30px;<br \/>            text-decoration: none;<br \/>            border-radius: 5px;<br \/>            font-size: 1.2em;<br \/>        }<\/p>\n<p>        .cta a:hover {<br \/>            background: linear-gradient(to right, deeppink, royalblue);<br \/>        }<\/p>\n<p>        .row {<br \/>            display: flex;<br \/>            flex-wrap: wrap;<br \/>            gap: 20px;<br \/>        }<\/p>\n<p>        .col {<br \/>            flex: 1;<br \/>            min-width: 300px;<br \/>        }<\/p>\n<p>        \/* Responsive *\/<br \/>        @media (max-width: 768px) {<br \/>            .container {<br \/>                padding: 10px;<br \/>            }<\/p>\n<p>            h1 {<br \/>                font-size: 1.8em;<br \/>            }<\/p>\n<p>            h2 {<br \/>                font-size: 1.5em;<br \/>            }<br \/>        }<br \/>    <\/style>\n<p><!-- Titre principal --><\/p>\n<h1>Marketing Social et Digital avec Victorize<\/h1>\n<p><!-- Partie 1 : Pr\u00e9sence sur les r\u00e9seaux sociaux --><\/p>\n<h2>Augmentez l\u2019interaction avec vos clients<\/h2>\n<h5>Recrutez, motivez, et fid\u00e9lisez de nouveaux clients<\/h5>\n<p>Votre pr\u00e9sence sur les r\u00e9seaux sociaux permet d&rsquo;accro\u00eetre la sensibilisation, de connecter avec vos clients, et de stimuler de nouvelles opportunit\u00e9s de revenus. En interagissant en temps r\u00e9el, vous pouvez diffuser des actualit\u00e9s importantes et renforcer votre communication d\u2019entreprise.<br \/>\n<!-- Partie 2 : Notifications Push --><\/p>\n<h2>Notifications Push<\/h2>\n<h5>Atteignez votre public n\u2019importe o\u00f9 sur le web<\/h5>\n<p>Les notifications push attirent imm\u00e9diatement l\u2019attention des utilisateurs. Ces messages courts et efficaces peuvent \u00eatre lus rapidement et incitent \u00e0 l\u2019action, augmentant ainsi l\u2019engagement de vos clients.<br \/>\n<!-- Partie 3 : Live Chat --><\/p>\n<h2>Live Chat : Transformez vos prospects<\/h2>\n<p>Le Live Chat peut augmenter les taux de conversion de 40 %. En offrant une communication en temps r\u00e9el, vous am\u00e9liorez l\u2019exp\u00e9rience client et transformez vos visiteurs en utilisateurs satisfaits.<br \/>\n<!-- Partie 4 : Strat\u00e9gie globale --><\/p>\n<h2>Une strat\u00e9gie compl\u00e8te adapt\u00e9e \u00e0 vos besoins<\/h2>\n<p>Victorize accompagne les entreprises dans leur transformation digitale gr\u00e2ce \u00e0 des solutions adapt\u00e9es :<\/p>\n<ul>\n<li>Planification et diffusion de contenu sur LinkedIn, Facebook, Twitter et Instagram.<\/li>\n<li>Suivi des performances et analyse des r\u00e9sultats des publications.<\/li>\n<li>Cr\u00e9ation de sites web performants et optimis\u00e9s pour le r\u00e9f\u00e9rencement naturel (SEO).<\/li>\n<\/ul>\n<p>Que ce soit \u00e0 Toulouse, Saint-Gaudens, Tarbes ou partout en France, nous d\u00e9veloppons des strat\u00e9gies adapt\u00e9es \u00e0 votre activit\u00e9 et votre localisation.<br \/>\n<!-- Image --><br \/>\n<img decoding=\"async\" src=\"https:\/\/victorize.fr\/wp-content\/uploads\/2024\/08\/png-clipart-digital-marketing-sales-process-web-conferencing-e-commerce-imprenta-service-girl-Photoroom.png\" alt=\"Marketing Social Victorize\" \/>Marketing social par Victorize &#8211; Agence Web Toulouse<br \/>\n<!-- CTA --><\/p>\n<h3>Pr\u00eat \u00e0 transformer votre strat\u00e9gie digitale\u202f?<\/h3>\n<p><a href=\"https:\/\/victorize.fr\/agence-web-communication-digitale-toulouse-saint-gaudens-tarbes-montrejeau\/nous-ecrire\/\"><br \/>\nContactez-nous d\u00e8s aujourd\u2019hui<br \/>\n<\/a><\/p>\n<style>\n        \/* Styles globaux *\/<br \/>        body {<br \/>            font-family: Arial, sans-serif;<br \/>            line-height: 1.8;<br \/>            margin: 0;<br \/>            padding: 0;<br \/>            color: #333;<br \/>            background-color: #f9f9f9;<br \/>        }<\/p>\n<p>        .container {<br \/>            max-width: 1200px;<br \/>            margin: 0 auto;<br \/>            padding: 20px;<br \/>        }<\/p>\n<p>        h1, h2, h3, h5 {<br \/>            font-weight: bold;<br \/>            background: linear-gradient(to right, royalblue, deeppink);<br \/>            -webkit-background-clip: text;<br \/>            -webkit-text-fill-color: transparent;<br \/>            margin-bottom: 20px;<br \/>        }<\/p>\n<p>        h1 {<br \/>            font-size: 2.5em;<br \/>        }<\/p>\n<p>        h2 {<br \/>            font-size: 2em;<br \/>        }<\/p>\n<p>        h3 {<br \/>            font-size: 1.5em;<br \/>        }<\/p>\n<p>        h5 {<br \/>            font-size: 1.2em;<br \/>        }<\/p>\n<p>        p, ul {<br \/>            margin-bottom: 15px;<br \/>        }<\/p>\n<p>        ul {<br \/>            padding-left: 20px;<br \/>        }<\/p>\n<p>        li {<br \/>            margin-bottom: 10px;<br \/>        }<\/p>\n<p>        img {<br \/>            max-width: 100%;<br \/>            border-radius: 10px;<br \/>        }<\/p>\n<p>        .block {<br \/>            background: #ffffff;<br \/>            padding: 30px;<br \/>            border-radius: 10px;<br \/>            box-shadow: 0px 2px 10px rgba(0, 0, 0, 0.1);<br \/>            margin-bottom: 30px;<br \/>        }<\/p>\n<p>        .cta {<br \/>            text-align: center;<br \/>            margin: 40px 0;<br \/>        }<\/p>\n<p>        .cta a {<br \/>            display: inline-block;<br \/>            background: linear-gradient(to right, royalblue, deeppink);<br \/>            color: #fff;<br \/>            padding: 15px 30px;<br \/>            text-decoration: none;<br \/>            border-radius: 5px;<br \/>            font-size: 1.2em;<br \/>        }<\/p>\n<p>        .cta a:hover {<br \/>            background: linear-gradient(to right, deeppink, royalblue);<br \/>        }<\/p>\n<p>        .row {<br \/>            display: flex;<br \/>            flex-wrap: wrap;<br \/>            gap: 20px;<br \/>        }<\/p>\n<p>        .col {<br \/>            flex: 1;<br \/>            min-width: 300px;<br \/>        }<\/p>\n<p>        \/* Responsive *\/<br \/>        @media (max-width: 768px) {<br \/>            .container {<br \/>                padding: 10px;<br \/>            }<\/p>\n<p>            h1 {<br \/>                font-size: 1.8em;<br \/>            }<\/p>\n<p>            h2 {<br \/>                font-size: 1.5em;<br \/>            }<br \/>        }<br \/>    <\/style>\n<p><!-- Titre principal --><\/p>\n<h1>Votre Partenaire pour la Communication Digitale<\/h1>\n<p><!-- Partie 1 : Nos Services --><\/p>\n<h2>Victorize : Une Approche Globale<\/h2>\n<p>Chez Victorize, nous accompagnons nos clients dans leurs transformations digitales en mettant \u00e0 leur disposition une large gamme de services :<\/p>\n<ul>\n<li><b>Strat\u00e9gies marketing 360\u00b0<\/b> : Social Ads, Google Ads (SEA), campagnes multi-supports.<\/li>\n<li><b>R\u00e9f\u00e9rencement naturel (SEO)<\/b> : Optimisation de votre visibilit\u00e9 sur les moteurs de recherche.<\/li>\n<li><b>Social Media<\/b> : Gestion et strat\u00e9gie de contenu pour maximiser votre impact sur les r\u00e9seaux sociaux.<\/li>\n<li><b>Studio cr\u00e9atif<\/b> : Cr\u00e9ation de chartes graphiques, logos, publicit\u00e9s et concepts visuels.<\/li>\n<li><b>D\u00e9veloppement web<\/b> : Sites vitrines, e-commerce, applications mobiles et UI\/UX.<\/li>\n<li><b>Outils webmarketing<\/b> : CRM, marketing automation, chatbots, gestion des avis clients, et plus encore.<\/li>\n<li><b>Formation<\/b> : Pour vous aider \u00e0 ma\u00eetriser les outils et techniques de pointe.<\/li>\n<\/ul>\n<p><!-- Partie 2 : Approche personnalis\u00e9e --><\/p>\n<h2>Une Approche Centr\u00e9e sur Vos Besoins<\/h2>\n<p>Notre mission est de fluidifier votre communication avec vos diff\u00e9rents partenaires, qu\u2019ils soient clients, salari\u00e9s ou fournisseurs. Gr\u00e2ce \u00e0 une approche centr\u00e9e sur :<\/p>\n<ul>\n<li><b>L\u2019\u00e9coute et le conseil<\/b> : Comprendre vos enjeux strat\u00e9giques et y r\u00e9pondre efficacement.<\/li>\n<li><b>La cr\u00e9ativit\u00e9<\/b> : Proposer des solutions innovantes et adapt\u00e9es \u00e0 votre secteur.<\/li>\n<li><b>Un suivi rigoureux<\/b> : Mesurer vos performances pour ajuster les strat\u00e9gies en temps r\u00e9el.<\/li>\n<\/ul>\n<p>Nous intervenons en rendez-vous physique dans les villes de Toulouse, Saint-Gaudens, Tarbes, Montr\u00e9jeau et Lannemezan, ainsi qu\u2019en visio-conf\u00e9rence partout en France.<br \/>\n<!-- Partie 3 : \u00c9tude de cas --><\/p>\n<h2>R\u00e9sultats Concrets<\/h2>\n<p>Victorize a accompagn\u00e9 de nombreuses PME et grands comptes dans leurs projets digitaux, avec des r\u00e9sultats mesurables :<\/p>\n<ul>\n<li><b>+50 % d\u2019engagement<\/b> sur les r\u00e9seaux sociaux gr\u00e2ce \u00e0 une strat\u00e9gie de contenu optimis\u00e9e.<\/li>\n<li><b>Augmentation du trafic<\/b> organique de 40 % en 6 mois avec nos services SEO.<\/li>\n<li><b>Am\u00e9lioration du taux de conversion<\/b> de 30 % gr\u00e2ce \u00e0 des campagnes cibl\u00e9es sur Google Ads.<\/li>\n<\/ul>\n<p><!-- Partie 4 : Pourquoi choisir Victorize --><\/p>\n<h2>Pourquoi Collaborer avec Victorize ?<\/h2>\n<p>Notre \u00e9quipe d\u2019experts vous aide \u00e0 relever vos d\u00e9fis digitaux gr\u00e2ce \u00e0 :<\/p>\n<ul>\n<li><b>Une expertise reconnue<\/b> dans la communication et le marketing digital.<\/li>\n<li><b>Des solutions sur mesure<\/b> adapt\u00e9es \u00e0 vos besoins sp\u00e9cifiques.<\/li>\n<li><b>Un accompagnement complet<\/b> : de l\u2019audit initial \u00e0 l\u2019analyse des performances.<\/li>\n<\/ul>\n<p>Nous int\u00e9grons toutes nos solutions dans un plan global de communication cibl\u00e9e, garantissant des r\u00e9sultats mesurables et un retour sur investissement optimal.<br \/>\n<!-- Image --><br \/>\n<img decoding=\"async\" src=\"https:\/\/victorize.fr\/wp-content\/uploads\/2024\/08\/png-clipart-digital-marketing-sales-process-web-conferencing-e-commerce-imprenta-service-girl-Photoroom.png\" alt=\"Victorize - Marketing Digital\" \/>Victorize &#8211; Votre partenaire en communication digitale<br \/>\n<!-- CTA --><\/p>\n<h3>Pr\u00eat \u00e0 booster votre pr\u00e9sence digitale\u202f?<\/h3>\n<p><a href=\"https:\/\/victorize.fr\/agence-web-communication-digitale-toulouse-saint-gaudens-tarbes-montrejeau\/nous-ecrire\/\"><br \/>\nDemandez une consultation gratuite<br \/>\n<\/a><\/p>\n","protected":false},"excerpt":{"rendered":"<p>&nbsp; Marketing Social et Digital avec Victorize Augmentez l\u2019interaction avec vos clients Recrutez, motivez, et fid\u00e9lisez de nouveaux clients Votre pr\u00e9sence sur les r\u00e9seaux sociaux permet d&rsquo;accro\u00eetre la sensibilisation, de connecter avec vos clients, et de stimuler de nouvelles opportunit\u00e9s de revenus. En interagissant en temps r\u00e9el, vous pouvez diffuser des actualit\u00e9s importantes et renforcer [&hellip;]<\/p>\n","protected":false},"author":1,"featured_media":0,"parent":0,"menu_order":0,"comment_status":"closed","ping_status":"closed","template":"","meta":{"footnotes":""},"class_list":["post-6403","page","type-page","status-publish","hentry"],"_links":{"self":[{"href":"https:\/\/victorize.fr\/Agence-creation-sites-web-toulouse\/wp-json\/wp\/v2\/pages\/6403","targetHints":{"allow":["GET"]}}],"collection":[{"href":"https:\/\/victorize.fr\/Agence-creation-sites-web-toulouse\/wp-json\/wp\/v2\/pages"}],"about":[{"href":"https:\/\/victorize.fr\/Agence-creation-sites-web-toulouse\/wp-json\/wp\/v2\/types\/page"}],"author":[{"embeddable":true,"href":"https:\/\/victorize.fr\/Agence-creation-sites-web-toulouse\/wp-json\/wp\/v2\/users\/1"}],"replies":[{"embeddable":true,"href":"https:\/\/victorize.fr\/Agence-creation-sites-web-toulouse\/wp-json\/wp\/v2\/comments?post=6403"}],"version-history":[{"count":0,"href":"https:\/\/victorize.fr\/Agence-creation-sites-web-toulouse\/wp-json\/wp\/v2\/pages\/6403\/revisions"}],"wp:attachment":[{"href":"https:\/\/victorize.fr\/Agence-creation-sites-web-toulouse\/wp-json\/wp\/v2\/media?parent=6403"}],"curies":[{"name":"wp","href":"https:\/\/api.w.org\/{rel}","templated":true}]}}