{"id":6171,"date":"2024-11-01T13:13:11","date_gmt":"2024-11-01T12:13:11","guid":{"rendered":"https:\/\/victorize.fr\/?page_id=812"},"modified":"2024-11-01T13:13:11","modified_gmt":"2024-11-01T12:13:11","slug":"creer-un-site-internet-gratuit","status":"publish","type":"page","link":"https:\/\/victorize.fr\/Agence-creation-sites-web-toulouse\/creer-un-site-internet-gratuit\/","title":{"rendered":"Cr\u00e9er un site internet gratuit"},"content":{"rendered":"<p>Cr\u00e9\u00e9r un SITE WEB<\/p>\n<p>Apprendre\u00a0 \u00e0 cr\u00e9er et \u00e0 publier votre site web<\/p>\n<p>Cr\u00e9\u00e9r un SITE WEB<\/p>\n<p>Cr\u00e9er un site internet<br \/>\nOutil de cr\u00e9ation de site web en ligne permettant \u00e0 tous de cr\u00e9er un site gratuitement.<\/p>\n<p>Cr\u00e9ez un superbe site internet Wix associe esth\u00e9tique et technologie pour vous permettre de cr\u00e9er votre propre site Web facilement et gratuitement.<\/p>\n<p>Cr\u00e9er un site internet : esth\u00e9tique, facile et GRATUIT \u2022 R\u00c9F\u00c9RENCEMENT \u2022 DOMAINE \u2022 SUPPORT<\/p>\n<p>Faire un site Internet gratuit, cr\u00e9er gratuitement et facilement un site web<\/p>\n<p>Comment cr\u00e9er un site?<\/p>\n<p>Si vous avez toujours r\u00eav\u00e9 de cr\u00e9er votre premier site Internet digne de ce nom vous \u00eates sur la bonne page.<br \/>\nLorsque vous aurez lu cet article, vous serez en mesure de construire vos pages<br \/>\nFacilement. Cr\u00e9er un site sera plus facile .<\/p>\n<p>Que vous r\u00eaviez de cr\u00e9er un site personnel pour pr\u00e9senter votre passion, ou si vous devez faire une vitrine Internet<br \/>\nprofessionnelle pour promouvoir votre activit\u00e9 artisanale ou commerciale, nous allons vous expliquer point par point comment construire des pages web simplement et, cerise sur le g\u00e2teau, gratuitement.<\/p>\n<p>Ces pages ne sont pas faites pour les webmasters professionnels et exp\u00e9riment\u00e9s.<\/p>\n<p>Elles ont \u00e9t\u00e9 uniquement r\u00e9dig\u00e9es pour les d\u00e9butants dans un souci constant le<br \/>\nclart\u00e9.<\/p>\n<p>Qu&rsquo;est ce qu&rsquo;un site Internet ?<\/p>\n<p>Un site Internet est un ensemble de pages rassemblant des informations utiles pour les visiteurs, et qui sont dans un format un peu diff\u00e9rent de votre ordinateur. Ces pages sont stock\u00e9s dans sur un gros \u00ab\u00a0disque\u00a0\u00bb nomm\u00e9 \u00ab\u00a0Serveur\u00a0\u00bb.<br \/>\nLe format le plus utilis\u00e9 est le format HTML.<br \/>\nEn \u00e9tant au format HTML, une page Internet peut \u00eatre affich\u00e9e correctement<br \/>\ndans le logiciel qui permet de \u00ab\u00a0surfer\u00a0\u00bb sur Internet.<br \/>\nCes logiciels s&rsquo;appellent \u00ab\u00a0Navigateur Internet\u00a0\u00bb.<br \/>\nLes principaux se nomment \u00ab\u00a0Internet Explorer\u00a0\u00bb, \u00ab\u00a0Mozilla Firefox\u00a0\u00bb, et plus<br \/>\nr\u00e9cemment \u00ab\u00a0Chrome\u00a0\u00bb de Google.<\/p>\n<p>HTML ? Pas de panique !<br \/>\nLe langage HTML&#8230;apprendre un langage de programmation m\u00eame s&rsquo;il n&rsquo;est pas simple.<br \/>\nCe que vous voulez, c&rsquo;est faire ENFIN votre site Internet.<br \/>\nComme disait le g\u00e9n\u00e9ral. Vous n&rsquo;aurez pas \u00e0 conna\u00eetre le format HTML pour cr\u00e9er votre pages.<br \/>\nIl existe des outils pour vous aider. Quelques bases du HTML vous sont malgr\u00e9 tout d\u00e9voil\u00e9es dans ces pages.<\/p>\n<p>Cr\u00e9ez votre site facilement<\/p>\n<p>Faire un site mais avec quel logiciel !<br \/>\nAvez-vous un ordinateur ?<\/p>\n<p>Si c&rsquo;est le cas, vous avez l&rsquo;outil principal.<br \/>\nEnsuite, il vous faut un logiciel pour cr\u00e9er vos pages. Vous voulez un logiciel de<br \/>\npr\u00e9f\u00e9rence gratuit.<br \/>\nIl existe des logiciels qui vous \u00e9vitent de programmer directement en HTML.<\/p>\n<p>Vous n&rsquo;avez qu&rsquo;\u00e0 \u00e9crire le texte de votre page Internet dans le logiciel, et il transforme ce que vous avez \u00e9crit en langage HTML. C&rsquo;est cool, non ?<\/p>\n<p>De plus, le logiciel vous montre en temps r\u00e9el comment sera la page Internet. Ce<br \/>\ntype de logiciel s&rsquo;appel WYSIWYG<br \/>\nCe mot est constitu\u00e9 des premi\u00e8res lettres de la phrase en anglais : What<br \/>\nYou See Is What You Get.<\/p>\n<p>Nous pourrions traduire la phrase par : Ce que vous voyez est ce que vous<br \/>\nobtenez.<\/p>\n<p>Autrement dit, vous ne passez pas par un langage de programmation.<\/p>\n<p>Vous voyez imm\u00e9diatement le r\u00e9sultat.<br \/>\nPar exemple lorsque vous placerez une image, elle sera mise en forme pour<br \/>\nqu&rsquo;elle soit parfaitement visible en ligne. Et le logiciel vous montrera imm\u00e9diatement le r\u00e9sultat que vous obtiendrez lorsque votre page sera sur<br \/>\nInternet.<br \/>\nLes logiciels Dreamweaver et Frontpage font parti de ces logiciels WYSIWYG. Ils<br \/>\nsont tr\u00e8s bien, mais payants.<br \/>\nHeureusement, il en existe des gratuits comme \u00ab\u00a0KompoZer\u00a0\u00bb (ce logiciel s&rsquo;appelait \u00a0\u00bbNvu\u00a0\u00bb avant). Vous pourrez le t\u00e9l\u00e9charger<br \/>\nsur telecharger.com.<\/p>\n<p>Le probl\u00e8me avec ce genre de programme, c&rsquo;est que construire un site ne suffit pas. Il faut trouver un nom de domaine, trouver un h\u00e9bergeur, mettre les pages HTML sur le serveur, etc&#8230;<\/p>\n<p>Un h\u00e9bergeur ? Mais je ne suis pas SDF !<br \/>\nVous non, mais vos pages Internet sont SDF si elles n&rsquo;ont pas d&rsquo;h\u00e9bergement.<\/p>\n<p>Ce que l&rsquo;on appelle un h\u00e9bergeur est simplement l&rsquo;organisme qui va placer vos<br \/>\npages sur le gros ordinateur nomm\u00e9 serveur.<\/p>\n<p>Cela va permettre au MONDE ENTIER de voir les chefs d&rsquo;oeuvres que vous avez r\u00e9alis\u00e9s.<br \/>\nVous pouvez choisir un h\u00e9bergeur payant, ou gratuit.<br \/>\nParmi les gratuits, un des plus connus est free.fr, mais l&rsquo;acc\u00e8s \u00e0 leur formulaire<br \/>\nd&rsquo;inscription pour un hebergement gratuit est de plus en plus cach\u00e9 sur Free&#8230;<br \/>\nIl y a aussi le hebergement-gratuit.com qui est tr\u00e8s bien.<br \/>\nTrouver un hebergeur ne suffit pas. Il faut aussi placer vos pages sur le serveur de<br \/>\ncet h\u00e9bergeur.<\/p>\n<p>Il vous faut donc un logiciel FTP<\/p>\n<p>FTP, encore un nom barbare !<\/p>\n<p>Un logiciel FTP est simplement un programme que vous installez sur votre PC et qui vous permet d&rsquo;envoyer via Internet les fichiers des pages sur le serveur chez l&rsquo;h\u00e9bergeur.<\/p>\n<p>C&rsquo;est un peu comme si vous utilisiez un logiciel pour d\u00e9placer des fichiers d&rsquo;un<br \/>\nCdrom, \u00e0 votre disque dur.<br \/>\nComme promis, je vous indique une solution gratuite : Le logiciel \u00ab\u00a0FileZilla\u00a0\u00bb. Vous le trouverez \u00e9galement sur telecharger.com.<\/p>\n<p>Un nom de domaine, vous savez forc\u00e9ment ce que c&rsquo;est !<br \/>\nPour aller sur des pages Web, vous tapez dans votre navigateur, l&rsquo;adresse URL.<br \/>\nPar exemple \u00ab\u00a0https:\/\/www.faire-un-site.com\u00a0\u00bb (tr\u00e8s bon choix).<br \/>\nCette adresse est bien lisible car elle constitu\u00e9e du nom de domaine. En r\u00e9alit\u00e9,<br \/>\npour aller sur un site, vous devriez taper dans votre navigateur un num\u00e9ro.<\/p>\n<p>Comme vous le faites sur votre combin\u00e9 pour appeler un correspondant par<br \/>\nt\u00e9l\u00e9phone. Cette s\u00e9rie de chiffres s&rsquo;appelle une adresse IP. C&rsquo;est l&rsquo;adresse IP. Par<br \/>\nexemple, cela ressemblerai \u00e0 216.125.25.32. Vous conviendrez que pour retenir l&rsquo;adresse, ce n&rsquo;est pas l&rsquo;id\u00e9al.<\/p>\n<p>Le navigateur interpr\u00e8te donc cette s\u00e9rie de chiffre gr\u00e2ce \u00e0 un syst\u00e8me nomm\u00e9<br \/>\nDNS. Cela veut dire \u00ab\u00a0Domain Name System.<\/p>\n<p>Avoir un nom de domaine n&rsquo;est pas gratuit, mais ce n&rsquo;est pas cher.<br \/>\nVous pouvez en trouver pour 10 Euro par an.<br \/>\nSi vous ne voulez vraiment rien d\u00e9penser, vous pouvez choisir un h\u00e9bergeur qui vous fournira non pas un nom de domaine, mais un sous-domaine.<br \/>\nPar exemple, si vous desirez appeler votre site \u00ab\u00a0modelisme -star\u00a0\u00bb, l&rsquo;adresse sera de<br \/>\ntype http:\/\/modelisme-star.hebergeur.com.<br \/>\nC&rsquo;est moins bien qu&rsquo;un nom de domaine, mais c&rsquo;est mieux que de choisir un<br \/>\nh\u00e9bergeur gratuit qui vous propose simplement un r\u00e9pertoire. Avec un site dans un<br \/>\nr\u00e9pertoire, votre adresse aurait \u00e9t\u00e9 du type \u00ab\u00a0http:\/\/www.hebergeur\/modelisme &#8211;<br \/>\nstar.html.<br \/>\nSachez aussi que vous pouvez faire un renvoi vers un nom de domaine. C&rsquo;est \u00e0 dire que c&rsquo;est enti\u00e8rement en sous-domaine, mais vous communiquez toujours le nom de domaine que vous avez r\u00e9serv\u00e9 (on r\u00e9serve un nom de domaine pour une p\u00e9riode, on ne l&rsquo;ach\u00e8te pas).<\/p>\n<p>Que ce soit un nom de domaine ou un sous-domaine, vous devrez choisir avec soin le nom.<\/p>\n<p>Sur cette page vous saurez comment bien choisir un nom de site Internet.<br \/>\nServeur, WYSIWYG, h\u00e9bergeur, nom de<br \/>\ndomaine, trop compliqu\u00e9 pour moi !<br \/>\nSi la m\u00e9thode classique ne vous convient pas, il y a plus simple.<\/p>\n<p>C&rsquo;est de le\u00a0 faire avec le syst\u00e8me en ligne !<br \/>\nIl existe en effet des syst\u00e8mes qui vous fournissent le logiciel en ligne, les aides,<br \/>\net tous les outils pour faire vos pages Internet.<\/p>\n<p>Rassurez-vous, bien que certains soient payant, d&rsquo;autre sont gratuits.<br \/>\nIl existe des plateformes qui permettent de construire un site facilement et gratuitement !<br \/>\nVous pouvez vous y inscrire en allant sur leur page d&rsquo;accueil.<\/p>\n<p>8 Pour faire connaitre mon site je dois faire de la publicit\u00e9 \u00e0 la t\u00e9l\u00e9vision ?<\/p>\n<p>Non. Il existe plusieurs moyens de se faire conna\u00eetre sur Internet, et cela<br \/>\ngratuitement. Il faut juste trois choses : Du courage au travail, de l&rsquo;astuce, et de la<br \/>\ncr\u00e9ativit\u00e9.<\/p>\n<p>Naturellement inscrire ses pages dans les moteurs et annuaires de<br \/>\nrecherche est n\u00e9cessaire.<\/p>\n<p>Mais le r\u00e9f\u00e9rencement n\u2019est plus le seul moyen pour promouvoir gratuitement un site.<\/p>\n<p>Cr\u00e9er une page dans les r\u00e9seaux<br \/>\nsociaux permettent par exemple d\u2019augmenter sa visibilit\u00e9 et de cr\u00e9er une<br \/>\ncommunaut\u00e9.<\/p>\n<p>Voila donc d\u00e9j\u00e0 un certains nombres de conseils.<br \/>\nDans le menu de gauche de Faire-site.com, vous trouverez des explications plus en<br \/>\nd\u00e9tail sur la fabrication des pages Internet ou m\u00eame pour cr\u00e9er une boutique en<br \/>\nligne gratuite et sans connaissance particuli\u00e8re.<br \/>\nIl existe une multitude de sites. On pourrait presque dire qu\u2019il y a<br \/>\nautant de forme de site que de professions.<\/p>\n<p>Le site d\u2019un artisan menuisier n\u2019aura pas la m\u00eame structure que le site d\u2019un restaurant ou que le site d\u2019un g\u00eete en location.<br \/>\nChaque site sp\u00e9cialis\u00e9 a ses exigences. Dans un site de vente de bijoux la visualisation des produits \u00e0 vendre est primordiale.<\/p>\n<p>Dans le site d\u2019un expert comptable, ce sont les r\u00e9f\u00e9rences et le sentiment de<br \/>\nconfiance et de s\u00e9rieux qu\u2019il faudra mettre en avant.<br \/>\nVoici donc un panel de sites sp\u00e9cialis\u00e9s et quelques conseils sp\u00e9cifiques pour leur conception.<br \/>\nComment faire un site de location ou de diagnostic immobilier ?<\/p>\n<p>Comment faire le site d&rsquo;un institut<\/p>\n<p>Comment faire le site d&rsquo;une de soins de beaut\u00e9 esth\u00e9tique, gence immobili\u00e8re ?<\/p>\n<p>Comment faire un site d&rsquo;artiste<\/p>\n<p>Comment faire un site de peintre, de\u00a0 voyance ?<\/p>\n<p>Comment faire un site de vente, un site de casino bijoux ?<\/p>\n<p>Comment faire le site d&rsquo;\u00e9levage, de paysagiste, un site pour un gite, \u00a0un site de mode,\u00a0 un site de traduction?<\/p>\n<p>Comment faire un site pour un<br \/>\nlingerie, de menuisier ?<\/p>\n<p>Comment faire un site de chambre d&rsquo;h\u00f4tes- Comment faire un site de travail \u00e0 distance, secretariat\u00a0 \u00e0 domicile ?<\/p>\n<p>Comment faire un site de boutique en ligne, un site de transport ?<\/p>\n<p>Chaque site demande une \u00e9tude de projet au pr\u00e9alable.<\/p>\n<p>&nbsp;<\/p>\n<p>Cr\u00e9er son site Internet : conseils aux<br \/>\nd\u00e9butants &#8211; creer-son-site-internet<\/p>\n<p>Cr\u00e9er son site Internet : conseils aux<br \/>\nd\u00e9butants<\/p>\n<p>Cr\u00e9er votre propre site Internet est sans doute bien plus simple que vous ne le pensez.<\/p>\n<p>Avoir un site peut pr\u00e9senter des avantages, m\u00eame si vous n\u2019\u00eates pas chef d\u2019entreprise.<\/p>\n<p>Nous sommes de plus en plus nombreux \u00e0 vouloir quelque chose de plus personnel qu\u2019une simple page Facebook, Viadeo ou LinkedIn.<\/p>\n<p>Alors, pourquoi ne pas cr\u00e9er un site web avec votre propre nom de domaine ?<\/p>\n<p>1. Ai-je besoin d\u2019un bagage technique pour cr\u00e9er un (beau) site Internet ?<\/p>\n<p>Tout d\u00e9pend des fonctionnalit\u00e9s que vous souhaitez mettre en place sur votre site Internet. Les sites web sont<br \/>\nbas\u00e9s sur les langages HTML et CSS, que vous pouvez apprendre gr\u00e2ce \u00e0 des ressources comme Le site du Z\u00e9ro.<br \/>\nPour l\u2019h\u00e9bergement de votre site et l\u2019obtention d\u2019un nom de domaine, vous aurez besoin d\u2019un abonnement chez<br \/>\nun h\u00e9bergeur tel qu\u2019Online, 1&amp;1 ou OVH (pour n\u2019en citer que quelques-uns).<\/p>\n<p>Mais vous n\u2019\u00eates pas oblig\u00e9 de passer par l\u00e0 : si l\u2019aspect technique vous laisse indiff\u00e9rent, vous pouvez toujours<br \/>\nutiliser un \u00e9diteur de site Internet et concevoir un site qui a de l\u2019allure. Si vous savez d\u00e9j\u00e0 utiliser Word ou<br \/>\nPowerPoint, vous ma\u00eetriserez ce type d\u2019outil en un rien de temps. L\u2019\u00e9diteur sera assorti d\u2019un nom de domaine et<br \/>\nd\u2019un espace de stockage dans une formule group\u00e9e.<br \/>\nCette vid\u00e9o sur l\u2019\u00e9diteur de site Wix montre qu\u2019il est possible de cr\u00e9er facilement un site Internet simple :<\/p>\n<p>&nbsp;<\/p>\n<p>Je souhaite cr\u00e9er moi-m\u00eame mon site : combien cela<br \/>\nva-t-il me co\u00fbter ? Quels sont les logiciels gratuits disponibles ?<\/p>\n<p>\u00c0 part le temps investi, faire votre site vous-m\u00eame ne vous co\u00fbtera pas tr\u00e8s cher, mais vous co\u00fbtera du temps pour acqu\u00e9rir le savoir faire.<\/p>\n<p>Si vous optez pour un \u00e9diteur de site Internet, comptez sur un tarif compris entre 5 \u20ac et 15 \u20ac par mois, nom de<br \/>\ndomaine inclus (.com ou .net, par exemple).<\/p>\n<p>Les formules gratuites s\u2019accompagnent souvent de publicit\u00e9 sur votre site. J\u2019ai trouv\u00e9 un excellent \u00e9diteur qui n\u2019en publie pour ainsi dire pas : Webnode.<\/p>\n<p>Cet outil vous permet m\u00eame de rattacher gratuitement un domaine que vous poss\u00e9dez d\u00e9j\u00e0.<\/p>\n<p>Si vous souhaitez faire appel \u00e0 un professionnel pour cr\u00e9er votre site, c&rsquo;est une meilleure id\u00e9e. Vous pourrez \u00e9galement trouver des r\u00e9dacteurs et des graphistes pour compl\u00e9ter les comp\u00e9tences du d\u00e9veloppeur web.<\/p>\n<p>3. Les \u00e9diteurs de site Internet<br \/>\ndonnent t&rsquo;il\u00a0 des r\u00e9sultats professionnel?<\/p>\n<p>La premi\u00e8re g\u00e9n\u00e9ration d\u2019\u00e9diteurs offrait en effet des fonctionnalit\u00e9s et des options de design tr\u00e8s limit\u00e9es, avec des r\u00e9sultats approximatif. Avec l\u2019av\u00e8nement des outils de cr\u00e9ation de site web 2.0, la situation a radicalement chang\u00e9.<\/p>\n<p>Plusieurs types d\u2019outils diff\u00e9rents sont disponibles. En fonction de vos besoins, vous pourrez ainsi tenir un blog<br \/>\nsur votre site, ou encore cr\u00e9er une boutique en ligne professionnelle avec un syst\u00e8me comme word press.<\/p>\n<p>Un outil de cr\u00e9ation web 2.0 pourra vous faciliter la vie tout en vous laissant la libert\u00e9 de choisir les options de design et les fonctionnalit\u00e9s que vous voulez pour votre site.<\/p>\n<p>Vous pouvez faire votre choix parmi de nombreux mod\u00e8les, que vous pouvez personnaliser jusqu\u2019\u00e0 enti\u00e8re<br \/>\nsatisfaction. Chaque outil de cr\u00e9ation de site poss\u00e8de son propre style ; je vous conseille donc de cr\u00e9er un compte<br \/>\ngratuit et d\u2019examiner leurs galeries de mod\u00e8les pour savoir si elles vous conviennent.<\/p>\n<p>Bien entendu, le syst\u00e8me de conception par blocs n\u2019est pas d\u00e9nu\u00e9 d\u2019inconv\u00e9nients. La simplicit\u00e9 d\u2019utilisation va<br \/>\nde pair avec certaines limitations. D\u00e9couvrez les avantages et les inconv\u00e9nients&#8230;<\/p>\n<p>Si vous vous rendez compte qu\u2019un \u00e9diteur de site Internet en ligne n\u2019est pas \u00e0 la hauteur pour votre projet, vous pouvez \u00e9galement utiliser WordPress, qui permet de cr\u00e9er des sites beaucoup plus complexes.<\/p>\n<p>Toutefois, vous devrez investir plus de temps pour apprendre \u00e0 le ma\u00eetriser. Pour en savoir plus, lisez notre <a href=\"https:\/\/victorize.fr\/creer-un-site-internet-wordpress\/\">tutoriel WordPress.<\/a><\/p>\n<p>Faut-il \u00e9laborer un projet pr\u00e9cis de site avant de me procurer ces outils ?n<\/p>\n<p>En r\u00e8gle g\u00e9n\u00e9rale, un peu de planification en amont n\u2019est pas une perte de temps.<\/p>\n<p>3 principaux conseils :<\/p>\n<p>\u2022 Notez sur une feuille de papier tout ce que vous souhaitez avoir sur votre site web.<\/p>\n<p>Une carte heuristique peut \u00eatre un bon moyen d\u2019organiser vos id\u00e9es. Oubliez la question de la technologie pour<br \/>\nle moment.<\/p>\n<p>\u2022 Visitez d\u2019autres sites Internet qui vous plaisent, \u00e0 la fois du point de vue du design et de celui du contenu. Notez ce qui vous pla\u00eet et ce qui ne vous pla\u00eet pas.<\/p>\n<p>\u2022 Une fois l\u2019\u00e9bauche de votre site r\u00e9alis\u00e9e, demandez l\u2019avis de personnes de confiance et comp\u00e9tentes. Elles aborderont votre projet sous un autre angle et pourront vous donner un \u00e9clairage int\u00e9ressant.<\/p>\n<p>5. Quels sont les \u00e9l\u00e9ments communs \u00e0 tout bon site Internet ?<\/p>\n<p>Votre logo et le choix des images constituent les \u00e9l\u00e9ments cl\u00e9s d\u2019un site web \u00e0 l\u2019allure professionnelle. Il existe aujourd\u2019hui de nombreuses banques<br \/>\nd\u2019images gratuites, comme Pixabay pour les photos ou Clker pour les dessins.<\/p>\n<p>D\u2019autres images de qualit\u00e9 professionnelles sont disponibles \u00e0 partir de moins d\u2019un euro sur les sites suivants : iStockphoto, Shutterstock et Fotolia.<\/p>\n<p>Important : lisez toujours le contrat de licence de l\u2019image concern\u00e9e, vous aurez peut-\u00eatre \u00e0 mentionner l\u2019artiste et \u00e0 ajouter un lien vers son site Internet ou son profil.<\/p>\n<p>Assurez-vous de bien comprendre quels sont les formats d\u2019image disponibles : il s\u2019agira en g\u00e9n\u00e9ral de fichiers. gif, .jpg et .png.<\/p>\n<p>Tout ce que vous avez \u00e0 savoir \u00e0 ce sujet est disponible ici.<\/p>\n<p>Un logiciel de traitement d\u2019images era utile pour modifier et redimensionner vos images.<\/p>\n<p>Gimp constitue une alternative gratuite, mais professionnelle, \u00e0 Photoshop.<\/p>\n<p>Si vous avez d\u00e9j\u00e0 utilis\u00e9 Photoshop auparavant, Gimp pourra vous sembler un peu compliqu\u00e9 \u00e0 aborder. Si des fonctionnalit\u00e9s \u00e9l\u00e9mentaires vous suffisent, essayez plut\u00f4t Sumo Paint.<br \/>\nVient la question du texte de votre site : sachez que la plupart du temps, les internautes ne font que balayer le<br \/>\ntexte, sans le lire ligne par ligne. Privil\u00e9giez les textes courts et sans d\u00e9tour, avec une taille de police agr\u00e9able \u00e0<br \/>\nlire.<\/p>\n<p>Pour donner une impression de professionnalisme \u00e0 vos visiteurs, utilisez des formulaires de contact plut\u00f4t que<br \/>\ndes adresses e-mail. Heureusement, tout \u00e9diteur de site Internet digne de ce nom vous permettra de le faire en<br \/>\nquelques clics.<\/p>\n<p>Cr\u00e9er votre propre site Internet peut \u00eatre un vrai plaisir.<\/p>\n<p>Pour vous faire accompagner par un professionnel, <a href=\"https:\/\/victorize.fr\/agence-web-communication-digitale-toulouse-saint-gaudens-tarbes-montrejeau\/nous-ecrire\/\">contacter nous<\/a><\/p>\n<p>&nbsp;<\/p>\n","protected":false},"excerpt":{"rendered":"<p>Cr\u00e9\u00e9r un SITE WEB Apprendre\u00a0 \u00e0 cr\u00e9er et \u00e0 publier votre site web Cr\u00e9\u00e9r un SITE WEB Cr\u00e9er un site internet Outil de cr\u00e9ation de site web en ligne permettant \u00e0 tous de cr\u00e9er un site gratuitement. Cr\u00e9ez un superbe site internet Wix associe esth\u00e9tique et technologie pour vous permettre de cr\u00e9er votre propre site [&hellip;]<\/p>\n","protected":false},"author":2,"featured_media":0,"parent":0,"menu_order":0,"comment_status":"closed","ping_status":"closed","template":"","meta":{"footnotes":""},"class_list":["post-6171","page","type-page","status-publish","hentry"],"_links":{"self":[{"href":"https:\/\/victorize.fr\/Agence-creation-sites-web-toulouse\/wp-json\/wp\/v2\/pages\/6171","targetHints":{"allow":["GET"]}}],"collection":[{"href":"https:\/\/victorize.fr\/Agence-creation-sites-web-toulouse\/wp-json\/wp\/v2\/pages"}],"about":[{"href":"https:\/\/victorize.fr\/Agence-creation-sites-web-toulouse\/wp-json\/wp\/v2\/types\/page"}],"author":[{"embeddable":true,"href":"https:\/\/victorize.fr\/Agence-creation-sites-web-toulouse\/wp-json\/wp\/v2\/users\/2"}],"replies":[{"embeddable":true,"href":"https:\/\/victorize.fr\/Agence-creation-sites-web-toulouse\/wp-json\/wp\/v2\/comments?post=6171"}],"version-history":[{"count":0,"href":"https:\/\/victorize.fr\/Agence-creation-sites-web-toulouse\/wp-json\/wp\/v2\/pages\/6171\/revisions"}],"wp:attachment":[{"href":"https:\/\/victorize.fr\/Agence-creation-sites-web-toulouse\/wp-json\/wp\/v2\/media?parent=6171"}],"curies":[{"name":"wp","href":"https:\/\/api.w.org\/{rel}","templated":true}]}}