{"id":6116,"date":"2022-07-25T19:14:51","date_gmt":"2022-07-25T17:14:51","guid":{"rendered":"http:\/\/victoriz.fr\/?p=294"},"modified":"2025-08-11T18:44:36","modified_gmt":"2025-08-11T16:44:36","slug":"agence-web-marketing-toulouse-2","status":"publish","type":"page","link":"https:\/\/victorize.fr\/Agence-creation-sites-web-toulouse\/agence-web-marketing-toulouse-2\/","title":{"rendered":"Audit et accompagnement en communication digitale \u00e0 Toulouse"},"content":{"rendered":"\t\t<div data-elementor-type=\"wp-post\" data-elementor-id=\"6116\" class=\"elementor elementor-6116\" data-elementor-post-type=\"page\">\n\t\t\t\t<div class=\"elementor-element elementor-element-63ad2c70 e-flex e-con-boxed e-con e-parent\" data-id=\"63ad2c70\" data-element_type=\"container\">\n\t\t\t\t\t<div class=\"e-con-inner\">\n\t\t\t\t<div class=\"elementor-element elementor-element-68b8f571 elementor-widget elementor-widget-text-editor\" data-id=\"68b8f571\" data-element_type=\"widget\" data-widget_type=\"text-editor.default\">\n\t\t\t\t<div class=\"elementor-widget-container\">\n\t\t\t\t\t\t\t\t\t<!DOCTYPE html>\n<html lang=\"fr\">\n<head>\n    <meta charset=\"UTF-8\">\n    <meta name=\"viewport\" content=\"width=device-width, initial-scale=1.0\">\n    <title>Nos diff\u00e9rentes missions et solutions<\/title>\n    <style>\n        \/* Styles globaux *\/\n        body {\n            font-family: Arial, sans-serif;\n            line-height: 1.8;\n            margin: 0;\n            padding: 0;\n            color: #333;\n            background-color: #f9f9f9;\n        }\n\n        .container {\n            max-width: 1200px;\n            margin: 0 auto;\n            padding: 20px;\n        }\n\n        h1, h2, h3 {\n            font-weight: bold;\n            background: linear-gradient(to right, royalblue, deeppink);\n            -webkit-background-clip: text;\n            -webkit-text-fill-color: transparent;\n            margin-bottom: 20px;\n        }\n\n        h1 {\n            font-size: 2em;\n        }\n\n        h3 {\n            font-size: 1.3em;\n        }\n\n        p, ul {\n            margin-bottom: 15px;\n        }\n\n        ul {\n            padding-left: 20px;\n        }\n\n        li {\n            margin-bottom: 10px;\n        }\n\n        a {\n            color: royalblue;\n            text-decoration: none;\n        }\n\n        a:hover {\n            color: deeppink;\n        }\n\n        \/* Colonnes *\/\n        .columns {\n            display: flex;\n            flex-wrap: wrap;\n            gap: 30px;\n            margin-bottom: 50px;\n        }\n\n        .column {\n            flex: 1;\n            max-width: 50%;\n            box-sizing: border-box;\n        }\n\n        \/* Blocs de contenu *\/\n        .block, .block-alt {\n            background: linear-gradient(135deg, #ffffff, #f9f6f6);\n            padding: 40px 20px;\n            border-radius: 15px;\n            box-shadow: 0px 2px 10px rgba(0, 0, 0, 0.05);\n            margin: 0;\n        }\n\n        .block-alt {\n            background: linear-gradient(135deg, #ffffff, #f5faff);\n        }\n\n        \/* Responsive : marges r\u00e9duites sur mobile *\/\n        @media (max-width: 768px) {\n            .container {\n                padding: 10px;\n            }\n            .columns {\n                flex-direction: column;\n            }\n            .column {\n                flex: 1 1 100%;\n                max-width: 100%;\n            }\n        }\n    <\/style>\n<\/head>\n<body>\n    <div class=\"container\">\n        <!-- Titre principal -->\n        <h1>Nos diff\u00e9rentes missions et solutions<\/h1>\n\n        <!-- Blocs altern\u00e9s -->\n        <div class=\"columns\">\n            <div class=\"column\">\n                <div class=\"block\">\n                    <p><strong>Nos missions :<\/strong><\/p>\n                    <ul>\n                        <li>Optimiser la visibilit\u00e9 des marques sur le web<\/li>\n                        <li>Installer et promouvoir l&rsquo;image d&rsquo;une nouvelle marque<\/li>\n                        <li>Accompagner le lancement d&rsquo;une nouvelle marque<\/li>\n                        <li>D\u00e9velopper la richesse d&rsquo;une offre et promouvoir ses produits<\/li>\n                        <li>Se diff\u00e9rencier des concurrents en v\u00e9hiculant une identit\u00e9 de marque<\/li>\n                        <li>G\u00e9n\u00e9rer des leads par de l&rsquo;affiliation<\/li>\n                        <li>Renforcer le lien avec les consommateurs par une exp\u00e9rience ludique<\/li>\n                        <li>Cr\u00e9er plus de trafic dans un centre commercial avec des animations \u00e9v\u00e9nementielles<\/li>\n                        <li>Transformer un site web en v\u00e9ritable outil commercial<\/li>\n                    <\/ul>\n                <\/div>\n            <\/div>\n            <div class=\"column\">\n                <div class=\"block-alt\">\n                    <p><strong>Notre approche :<\/strong><\/p>\n                    <p>Nous regroupons un ensemble de processus visant \u00e0 cr\u00e9er, communiquer et fournir une valeur autour d&rsquo;un produit ou d&rsquo;une marque destin\u00e9e \u00e0 vos clients.<\/p>\n                    <p>Nos consultants et sp\u00e9cialistes vous accompagnent dans la construction de votre identit\u00e9 num\u00e9rique \u00e0 travers :<\/p>\n                    <ul>\n                        <li>Audit et accompagnement en communication digitale<\/li>\n                        <li>Conception de sites web visibles<\/li>\n                        <li>Conception de sites d&rsquo;e-commerce performants<\/li>\n                        <li>Campagnes d&rsquo;e-mailing<\/li>\n                        <li>Affiliation via les r\u00e9seaux sociaux<\/li>\n                        <li>R\u00e9f\u00e9rencement payant (SEA) et naturel (SEO)<\/li>\n                        <li>Inbound \/ outbound Marketing<\/li>\n                        <li>Formations CRM<\/li>\n                        <li>Conseils en web-marketing<\/li>\n                    <\/ul>\n                <\/div>\n            <\/div>\n        <\/div>\n\n        <!-- Deuxi\u00e8me section -->\n        <div class=\"columns\">\n            <div class=\"column\">\n                <div class=\"block\">\n                    <h3>Conversions<\/h3>\n                    <p>Eduquer, informer, int\u00e9resser et convertir les visiteurs en clients consommateurs.<\/p>\n                    <p>Le parcours d&rsquo;un utilisateur sur votre site Web est un voyage comportant de nombreux chemins. Vous avez besoin des bons Call-to-Action (CTA) au bon moment afin de transformer vos utilisateurs en consommateurs.<\/p>\n                <\/div>\n            <\/div>\n            <div class=\"column\">\n                <div class=\"block-alt\">\n                    <h3>Flexibilit\u00e9 &#038; \u00c9chelle<\/h3>\n                    <p>Avec nos CMS, vous pouvez travailler en temps r\u00e9el, it\u00e9rer sur le contenu sans vous soucier de la conception et g\u00e9rer le tout sans contraintes.<\/p>\n                    <p>Nous construisons des sites web r\u00e9actifs et adapt\u00e9s \u00e0 l&rsquo;\u00e9chelle mondiale, optimis\u00e9s pour le CDN et utilisant des frameworks modernes tels que NextJS.<\/p>\n                <\/div>\n            <\/div>\n        <\/div>\n\n        <!-- Troisi\u00e8me section -->\n        <div class=\"columns\">\n            <div class=\"column\">\n                <div class=\"block\">\n                    <h3>R\u00e9f\u00e9rencement &#038; Croissance<\/h3>\n                    <p>Notre concept est extensible et configurable pour s&rsquo;int\u00e9grer aux outils technologiques d&rsquo;e-marketing.<\/p>\n                    <p>Avec des pratiques telles que le SEO, des temps de chargement rapides et une ergonomie \u00e9volutive, nous optimisons votre taux de conversion.<\/p>\n                <\/div>\n            <\/div>\n            <div class=\"column\">\n                <div class=\"block-alt\">\n                    <h3>Transformation digitale<\/h3>\n                    <p>Nous auditons les entreprises pour les pr\u00e9parer aux mutations digitales et leur fournir des solutions adapt\u00e9es. Nous permettons \u00e0 nos partenaires de devenir des acteurs cl\u00e9s de cette transformation.<\/p>\n                <\/div>\n            <\/div>\n        <\/div>\n\n      \n<\/body>\n<\/html>\n\n<div class=\"cta\" style=\"text-align: center; margin: 40px 0;\">\n    <h3 style=\"font-size: 1.5em; color: #333; margin-bottom: 20px;\">Pour une \u00e9tude personnalis\u00e9e et un accompagnement sur mesure :<\/h3>\n    <a href=\"https:\/\/victorize.fr\/agence-web-communication-digitale-toulouse-saint-gaudens-tarbes-montrejeau\/nous-ecrire\/\" \n       style=\"background: linear-gradient(to right, royalblue, deeppink); color: #fff; padding: 15px 30px; text-decoration: none; border-radius: 5px; font-size: 1.2em;\">\n       Contactez-nous maintenant\n    <\/a>\n    <p style=\"margin-top: 20px; font-size: 0.9em; color: #555;\">Ou visitez-nous au <strong>1 Esplanade Compans Caffarelli, 31000 Toulouse<\/strong>.<\/p>\n<\/div>\t\t\t\t\t\t\t\t<\/div>\n\t\t\t\t<\/div>\n\t\t\t\t\t<\/div>\n\t\t\t\t<\/div>\n\t\t\t\t<\/div>\n\t\t","protected":false},"excerpt":{"rendered":"<p>Nos diff\u00e9rentes missions et solutions Nos diff\u00e9rentes missions et solutions Nos missions : Optimiser la visibilit\u00e9 des marques sur le web Installer et promouvoir l&rsquo;image d&rsquo;une nouvelle marque Accompagner le lancement d&rsquo;une nouvelle marque D\u00e9velopper la richesse d&rsquo;une offre et promouvoir ses produits Se diff\u00e9rencier des concurrents en v\u00e9hiculant une identit\u00e9 de marque G\u00e9n\u00e9rer des [&hellip;]<\/p>\n","protected":false},"author":1,"featured_media":0,"parent":0,"menu_order":0,"comment_status":"closed","ping_status":"closed","template":"","meta":{"footnotes":""},"class_list":["post-6116","page","type-page","status-publish","hentry"],"_links":{"self":[{"href":"https:\/\/victorize.fr\/Agence-creation-sites-web-toulouse\/wp-json\/wp\/v2\/pages\/6116","targetHints":{"allow":["GET"]}}],"collection":[{"href":"https:\/\/victorize.fr\/Agence-creation-sites-web-toulouse\/wp-json\/wp\/v2\/pages"}],"about":[{"href":"https:\/\/victorize.fr\/Agence-creation-sites-web-toulouse\/wp-json\/wp\/v2\/types\/page"}],"author":[{"embeddable":true,"href":"https:\/\/victorize.fr\/Agence-creation-sites-web-toulouse\/wp-json\/wp\/v2\/users\/1"}],"replies":[{"embeddable":true,"href":"https:\/\/victorize.fr\/Agence-creation-sites-web-toulouse\/wp-json\/wp\/v2\/comments?post=6116"}],"version-history":[{"count":0,"href":"https:\/\/victorize.fr\/Agence-creation-sites-web-toulouse\/wp-json\/wp\/v2\/pages\/6116\/revisions"}],"wp:attachment":[{"href":"https:\/\/victorize.fr\/Agence-creation-sites-web-toulouse\/wp-json\/wp\/v2\/media?parent=6116"}],"curies":[{"name":"wp","href":"https:\/\/api.w.org\/{rel}","templated":true}]}}