{"id":53,"date":"2024-08-07T04:06:00","date_gmt":"2024-08-07T04:06:00","guid":{"rendered":"https:\/\/shthemes.net\/demosd\/bastun\/?page_id=53"},"modified":"2025-08-06T10:51:25","modified_gmt":"2025-08-06T08:51:25","slug":"blog-agence-web-toulouse-creation-de-site-web-toulouse","status":"publish","type":"page","link":"https:\/\/victorize.fr\/Agence-creation-sites-web-toulouse\/blog-agence-web-toulouse-creation-de-site-web-toulouse\/","title":{"rendered":"Blog I Agence web Toulouse I Cr\u00e9ation de site web Toulouse"},"content":{"rendered":"\t\t<div data-elementor-type=\"wp-page\" data-elementor-id=\"53\" class=\"elementor elementor-53\" data-elementor-post-type=\"page\">\n\t\t\t\t<div class=\"elementor-element elementor-element-e9cc396 e-con-full e-flex e-con e-parent\" data-id=\"e9cc396\" data-element_type=\"container\">\n\t\t\t\t<div class=\"elementor-element elementor-element-172b561 elementor-align-left elementor-widget elementor-widget-bdevs-banner-blog\" data-id=\"172b561\" data-element_type=\"widget\" data-widget_type=\"bdevs-banner-blog.default\">\n\t\t\t\t<div class=\"elementor-widget-container\">\n\t\t\t\t\t  \r\n<div class=\"breadcrumbarea aos-init aos-animate\" data-aos=\"fade-up\" style=\"background: url(https:\/\/victorize.fr\/wp-content\/uploads\/2024\/08\/about__bg__1.jpg);\">\r\n    <div class=\"container\">\r\n        <div class=\"row\">\r\n            <div class=\"col-xl-12\" data-aos=\"fade-up\" data-aos-duration=\"1500\">\r\n                <div class=\"breadcrumbarea__content__wraper\">\r\n                \t                    <div class=\"breadcrumbarea__title\">\r\n                        <h2 class=\"heading\">Blog<\/h2>\r\n                    <\/div>\r\n                                        <div class=\"breadcrumbarea__inner\">\r\n                        <ul>\r\n                            <li><a href=\"https:\/\/victorize.fr\">Accueil<\/a><\/li>\r\n                            <li>\/<\/li>\r\n                            <li> Blog <\/li>\r\n                        <\/ul>\r\n                    <\/div>\r\n                <\/div>\r\n            <\/div>\r\n        <\/div>\r\n    <\/div>\r\n<\/div>\r\n\t\t\t\t\t<\/div>\n\t\t\t\t<\/div>\n\t\t\t\t<div class=\"elementor-element elementor-element-6b65042 elementor-align-left elementor-widget elementor-widget-bdevs-blog-grid\" data-id=\"6b65042\" data-element_type=\"widget\" data-widget_type=\"bdevs-blog-grid.default\">\n\t\t\t\t<div class=\"elementor-widget-container\">\n\t\t\t\t\t<div class=\"service__details blogss__details sp_top_140 sp_bottom_140 special__spacing\">\n    <div class=\"container\">\n        <div class=\"row\">\n            <div class=\"col-xl-4 col-lg-4 col-md-5 col-sm-12 mobi-order-2\">\n                <div class=\"service__details__sidebar sidebar\">\n                    \t<div class=\"widget sidebar__widget sidebar-widget-widget_block widget_search widget_block widget_search\" id=\"widget_block widget_search\" data-aos=\"fade-up\" data-aos-duration=\"1500\"><form role=\"search\" method=\"get\" action=\"https:\/\/victorize.fr\/Agence-creation-sites-web-toulouse\/\" class=\"wp-block-search__button-outside wp-block-search__text-button wp-block-search\"    ><label class=\"wp-block-search__label\" for=\"wp-block-search__input-1\" >Rechercher<\/label><div class=\"wp-block-search__inside-wrapper\" ><input class=\"wp-block-search__input\" id=\"wp-block-search__input-1\" placeholder=\"\" value=\"\" type=\"search\" name=\"s\" required \/><button aria-label=\"Rechercher\" class=\"wp-block-search__button wp-element-button\" type=\"submit\" >Rechercher<\/button><\/div><\/form><\/div><div class=\"widget sidebar__widget sidebar-widget-widget_block widget_block\" id=\"widget_block\" data-aos=\"fade-up\" data-aos-duration=\"1500\"><div class=\"wp-block-group\"><div class=\"wp-block-group__inner-container is-layout-flow wp-block-group-is-layout-flow\"><h2 class=\"wp-block-heading\">Articles r\u00e9cents<\/h2><ul class=\"wp-block-latest-posts__list wp-block-latest-posts\"><li><a class=\"wp-block-latest-posts__post-title\" href=\"https:\/\/victorize.fr\/Agence-creation-sites-web-toulouse\/bienvenue-sur-le-site-de-lagence-web-marketing-digital-a-toulouse\/\">Bienvenue sur le site de l&rsquo;agence web marketing digital \u00e0 toulouse<\/a><\/li>\n<li><a class=\"wp-block-latest-posts__post-title\" href=\"https:\/\/victorize.fr\/Agence-creation-sites-web-toulouse\/bienvenue-agence-web-communication-digitale-toulouse\/\">Bienvenue sur le site de l&rsquo;Agence web Victorize \u00e0 Toulouse<\/a><\/li>\n<li><a class=\"wp-block-latest-posts__post-title\" href=\"https:\/\/victorize.fr\/Agence-creation-sites-web-toulouse\/agence-web-toulouse-externalisation-web-marketing-digital-a-toulouse\/\">L\u2019Externalisation Digitale Intelligente : Ce qu\u2019il faut savoir&#8230;<\/a><\/li>\n<li><a class=\"wp-block-latest-posts__post-title\" href=\"https:\/\/victorize.fr\/Agence-creation-sites-web-toulouse\/strategie-digitale-agence-web-toulouse\/\">Comment la Strat\u00e9gie Digitale Peut Transformer Votre Entreprise ?<\/a><\/li>\n<li><a class=\"wp-block-latest-posts__post-title\" href=\"https:\/\/victorize.fr\/Agence-creation-sites-web-toulouse\/agence-web-toulouse-communication-et-strategie-digitale\/\">Un Projet Digital R\u00e9ussi Commence par une Bonne Strat\u00e9gie<\/a><\/li>\n<\/ul><\/div><\/div><\/div><div class=\"widget sidebar__widget sidebar-widget-widget_block widget_block\" id=\"widget_block\" data-aos=\"fade-up\" data-aos-duration=\"1500\"><div class=\"wp-block-group\"><div class=\"wp-block-group__inner-container is-layout-flow wp-block-group-is-layout-flow\"><h2 class=\"wp-block-heading\">Commentaires r\u00e9cents<\/h2><div class=\"no-comments wp-block-latest-comments\">Aucun commentaire \u00e0 afficher.<\/div><\/div><\/div><\/div><div class=\"widget sidebar__widget sidebar-widget-widget_block widget_block\" id=\"widget_block\" data-aos=\"fade-up\" data-aos-duration=\"1500\"><div class=\"wp-block-group\"><div class=\"wp-block-group__inner-container is-layout-flow wp-block-group-is-layout-flow\"><h2 class=\"wp-block-heading\">Archives<\/h2><ul class=\"wp-block-archives-list wp-block-archives\">\t<li><a href='https:\/\/victorize.fr\/Agence-creation-sites-web-toulouse\/2025\/11\/'>novembre 2025<\/a><\/li>\n\t<li><a href='https:\/\/victorize.fr\/Agence-creation-sites-web-toulouse\/2025\/10\/'>octobre 2025<\/a><\/li>\n\t<li><a href='https:\/\/victorize.fr\/Agence-creation-sites-web-toulouse\/2025\/07\/'>juillet 2025<\/a><\/li>\n\t<li><a href='https:\/\/victorize.fr\/Agence-creation-sites-web-toulouse\/2025\/06\/'>juin 2025<\/a><\/li>\n\t<li><a href='https:\/\/victorize.fr\/Agence-creation-sites-web-toulouse\/2025\/05\/'>mai 2025<\/a><\/li>\n<\/ul><\/div><\/div><\/div><div class=\"widget sidebar__widget sidebar-widget-widget_block widget_block\" id=\"widget_block\" data-aos=\"fade-up\" data-aos-duration=\"1500\"><div class=\"wp-block-group\"><div class=\"wp-block-group__inner-container is-layout-flow wp-block-group-is-layout-flow\"><h2 class=\"wp-block-heading\">Cat\u00e9gories<\/h2><ul class=\"wp-block-categories-list wp-block-categories\">\t<li class=\"cat-item cat-item-22\"><a href=\"https:\/\/victorize.fr\/Agence-creation-sites-web-toulouse\/category\/agence-de-communication-digitale-toulouse\/\">Agence de communication digitale toulouse<\/a>\n<\/li>\n\t<li class=\"cat-item cat-item-108\"><a href=\"https:\/\/victorize.fr\/Agence-creation-sites-web-toulouse\/category\/agence-web-conseil-en-communication-digitale-toulouse-creation-de-site-web-toulouse-saint-gaudens-tarbes-montrejeau\/\">Agence web &amp; Conseil en communication digitale Toulouse Cr\u00e9ation de site web Toulouse Saint-Gaudens Tarbes Montr\u00e9jeau<\/a>\n<\/li>\n\t<li class=\"cat-item cat-item-17\"><a href=\"https:\/\/victorize.fr\/Agence-creation-sites-web-toulouse\/category\/audit-optimisation-rentabilite-digitale-agence-web-toulouse\/\">Agence web \u00e0 Toulouse I Audit et optimisation de la rentabilit\u00e9 digitale<\/a>\n<\/li>\n\t<li class=\"cat-item cat-item-95\"><a href=\"https:\/\/victorize.fr\/Agence-creation-sites-web-toulouse\/category\/agence-web-communication-digitale-toulouse\/\">Agence web \u00e0 Toulouse I Communication digitale \u00e0 Toulouse<\/a>\n<\/li>\n\t<li class=\"cat-item cat-item-94\"><a href=\"https:\/\/victorize.fr\/Agence-creation-sites-web-toulouse\/category\/victorize-agence-de-communication-creation-de-site-web-toulouse\/\">Agence Web \u00e0 Toulouse I Communication digitale \u00e0 Toulouse, Saint-Gaudens, Tarbes, Montr\u00e9jeau<\/a>\n<\/li>\n\t<li class=\"cat-item cat-item-97\"><a href=\"https:\/\/victorize.fr\/Agence-creation-sites-web-toulouse\/category\/agence-web-toulouse-communication-digitale\/\">Agence web \u00e0 Toulouse I Conseils en communication digitale \u00e0 Toulouse<\/a>\n<\/li>\n\t<li class=\"cat-item cat-item-1\"><a href=\"https:\/\/victorize.fr\/Agence-creation-sites-web-toulouse\/category\/agence-web-i-partenaire-digital-toulouse\/\">Agence web I Partenaire digital \u00e0 Toulouse I Cr\u00e9ation de site web \u00e0 Toulouse I R\u00e9f\u00e9rencement de site web \u00e0 Toulouse<\/a>\n<\/li>\n\t<li class=\"cat-item cat-item-98\"><a href=\"https:\/\/victorize.fr\/Agence-creation-sites-web-toulouse\/category\/creation-d-e-commerce-toulouse-agence-web-boutique-vente-en-ligne\/\">Agence web Toulouse I Cr\u00e9ation d&#039;e-commerce, boutique en ligne<\/a>\n<\/li>\n\t<li class=\"cat-item cat-item-100\"><a href=\"https:\/\/victorize.fr\/Agence-creation-sites-web-toulouse\/category\/creation-de-site-web-toulouse-saint-gaudens-tarbes-montrejeau\/\">Agence Web Toulouse I Cr\u00e9ation de site web performant<\/a>\n<\/li>\n\t<li class=\"cat-item cat-item-96\"><a href=\"https:\/\/victorize.fr\/Agence-creation-sites-web-toulouse\/category\/agence-web-toulouse-communication-digitale-saint-gaudens-tarbes\/\">Agence Web-marketing &amp; Conseil en communication digitale \u00e0 Toulouse<\/a>\n<\/li>\n\t<li class=\"cat-item cat-item-99\"><a href=\"https:\/\/victorize.fr\/Agence-creation-sites-web-toulouse\/category\/contact-victorize-agence-web-toulouse-saint-gaudens-tarbes-montrejeau\/\">Contact Victorize Agence Web Marketing Digital<\/a>\n<\/li>\n\t<li class=\"cat-item cat-item-93\"><a href=\"https:\/\/victorize.fr\/Agence-creation-sites-web-toulouse\/category\/expert-developpement-web-toulouse-creation-site-web-internet-toulouse\/\">Expert en d\u00e9veloppement web \u00e0 Toulouse &amp; Cr\u00e9ation de site internet<\/a>\n<\/li>\n\t<li class=\"cat-item cat-item-101\"><a href=\"https:\/\/victorize.fr\/Agence-creation-sites-web-toulouse\/category\/agence-e-marketing-emailing-toulouse\/\">Gestion des campagnes d&#039;E-mailing, E-marketing<\/a>\n<\/li>\n\t<li class=\"cat-item cat-item-102\"><a href=\"https:\/\/victorize.fr\/Agence-creation-sites-web-toulouse\/category\/creation-didentite-visuelle-web-design-toulouse\/\">Graphisme, web-design<\/a>\n<\/li>\n\t<li class=\"cat-item cat-item-103\"><a href=\"https:\/\/victorize.fr\/Agence-creation-sites-web-toulouse\/category\/victorize-les-industries-agence-web-creation-de-site-web\/\">Industries de d\u00e9veloppement web<\/a>\n<\/li>\n\t<li class=\"cat-item cat-item-86\"><a href=\"https:\/\/victorize.fr\/Agence-creation-sites-web-toulouse\/category\/non-classe\/\">Non class\u00e9<\/a>\n<\/li>\n\t<li class=\"cat-item cat-item-16\"><a href=\"https:\/\/victorize.fr\/Agence-creation-sites-web-toulouse\/category\/optimisation-de-la-performance-digitale-agence-web-toulouse\/\">Optimisation de la performance digitale<\/a>\n<\/li>\n\t<li class=\"cat-item cat-item-21\"><a href=\"https:\/\/victorize.fr\/Agence-creation-sites-web-toulouse\/category\/optimisation-digitale-logistique-agence-web-toulouse\/\">Optimisation digitale de la cha\u00eene logistique<\/a>\n<\/li>\n\t<li class=\"cat-item cat-item-18\"><a href=\"https:\/\/victorize.fr\/Agence-creation-sites-web-toulouse\/category\/optimisation-financiere-digitale-agence-web-toulouse\/\">Optimisation financi\u00e8re digitale<\/a>\n<\/li>\n\t<li class=\"cat-item cat-item-104\"><a href=\"https:\/\/victorize.fr\/Agence-creation-sites-web-toulouse\/category\/agence-de-referencement-web-toulouse-creation-de-site-web-toulouse\/\">R\u00e9f\u00e9rencement de site web<\/a>\n<\/li>\n\t<li class=\"cat-item cat-item-105\"><a href=\"https:\/\/victorize.fr\/Agence-creation-sites-web-toulouse\/category\/victorize-ressource-agence-web-creation-de-site-web\/\">Ressources en d\u00e9veloppement web<\/a>\n<\/li>\n\t<li class=\"cat-item cat-item-106\"><a href=\"https:\/\/victorize.fr\/Agence-creation-sites-web-toulouse\/category\/agence-social-media-marketing-social-community-management-toulouse\/\">Social Marketing , community management<\/a>\n<\/li>\n\t<li class=\"cat-item cat-item-107\"><a href=\"https:\/\/victorize.fr\/Agence-creation-sites-web-toulouse\/category\/solution-victorize-agence-web-creation-de-site-web-toulouse-saint-gaudens\/\">Solutions en d\u00e9veloppement web<\/a>\n<\/li>\n\t<li class=\"cat-item cat-item-20\"><a href=\"https:\/\/victorize.fr\/Agence-creation-sites-web-toulouse\/category\/strategie-developpement-digital-agence-web-toulouse\/\">Strat\u00e9gie de d\u00e9veloppement digital<\/a>\n<\/li>\n\t<li class=\"cat-item cat-item-19\"><a href=\"https:\/\/victorize.fr\/Agence-creation-sites-web-toulouse\/category\/strategie-digitale-nouveaux-marche-agence-web-toulouse\/\">Strat\u00e9gie digital sur des nouveaux march\u00e9s<\/a>\n<\/li>\n<\/ul><\/div><\/div><\/div>                 <\/div>\n            <\/div>\n            <div class=\"col-xl-8 col-lg-8 col-md-7 col-sm-12 mobi-order-1\">\n                <div class=\"row\">\n                \t\t\t            \t\t                                <div class=\"col-xl-6 col-lg-6 col-md-12 col-sm-12\" data-aos=\"fade-up\" data-aos-duration=\"1500\">\n                        <div class=\"blog__4__single blog__3__single single__transform bg__pink\">\n                        \t                            <div class=\"blog__4__img\">\n                                <img decoding=\"async\" src=\"https:\/\/victorize.fr\/Agence-creation-sites-web-toulouse\/wp-content\/uploads\/2024\/08\/blog__4-3.png\" alt=\"\">\n                            <\/div>\n                                                        <div class=\"blog__4__time\">\n                               <p class=\"bg__white\"><span class=\"text__gradient \">16 Mai, 2025<\/span><\/p>\n                            <\/div>\n                                                        <div class=\"blog__4__heading\">\n                                <h6><a href=\"https:\/\/victorize.fr\/Agence-creation-sites-web-toulouse\/agence-web-toulouse-communication-interactive-a-toulouse\/\">Lundi Cr\u00e9atif<\/a><\/h6>\n                            <\/div>\n                                                        <div class=\"blog__4__text\">\n                                <p>                                Et si le lundi devenait le point de d\u00e9part...<\/p>\n                            <\/div>\n                            <div class=\"blog__4__button\">\n                                <a class=\"default__button\" href=\"https:\/\/victorize.fr\/Agence-creation-sites-web-toulouse\/agence-web-toulouse-communication-interactive-a-toulouse\/\">\n                                \t                                    En savoir plus                                    <\/a>\n                            <\/div>\n                        <\/div>\n                    <\/div>\n                    \t\t            \t\t                                <div class=\"col-xl-6 col-lg-6 col-md-12 col-sm-12\" data-aos=\"fade-up\" data-aos-duration=\"1500\">\n                        <div class=\"blog__4__single blog__3__single single__transform bg__pink\">\n                        \t                            <div class=\"blog__4__img\">\n                                <img decoding=\"async\" src=\"https:\/\/victorize.fr\/Agence-creation-sites-web-toulouse\/wp-content\/uploads\/2024\/08\/blog__5-3.png\" alt=\"\">\n                            <\/div>\n                                                        <div class=\"blog__4__time\">\n                               <p class=\"bg__white\"><span class=\"text__gradient \">15 Juin, 2025<\/span><\/p>\n                            <\/div>\n                                                        <div class=\"blog__4__heading\">\n                                <h6><a href=\"https:\/\/victorize.fr\/Agence-creation-sites-web-toulouse\/agence-web-toulouse-reussite-communication-digitale-toulouse\/\">Le digital dans un monde globalis\u00e9e<\/a><\/h6>\n                            <\/div>\n                                                        <div class=\"blog__4__text\">\n                                <p>                                La pr\u00e9sence digitale, un levier strat\u00e9gique de croissance d&rsquo;entreprises...<\/p>\n                            <\/div>\n                            <div class=\"blog__4__button\">\n                                <a class=\"default__button\" href=\"https:\/\/victorize.fr\/Agence-creation-sites-web-toulouse\/agence-web-toulouse-reussite-communication-digitale-toulouse\/\">\n                                \t                                    En savoir plus                                    <\/a>\n                            <\/div>\n                        <\/div>\n                    <\/div>\n                    \t\t            \t\t                                <div class=\"col-xl-6 col-lg-6 col-md-12 col-sm-12\" data-aos=\"fade-up\" data-aos-duration=\"1500\">\n                        <div class=\"blog__4__single blog__3__single single__transform bg__pink\">\n                        \t                            <div class=\"blog__4__img\">\n                                <img decoding=\"async\" src=\"https:\/\/victorize.fr\/Agence-creation-sites-web-toulouse\/wp-content\/uploads\/2024\/08\/blog__8-3.png\" alt=\"\">\n                            <\/div>\n                                                        <div class=\"blog__4__time\">\n                               <p class=\"bg__white\"><span class=\"text__gradient \">15 Juin, 2025<\/span><\/p>\n                            <\/div>\n                                                        <div class=\"blog__4__heading\">\n                                <h6><a href=\"https:\/\/victorize.fr\/Agence-creation-sites-web-toulouse\/strategie-de-communication-digitale-agile-agence-web-toulouse\/\">Le Secret de la R\u00e9ussite Digitale ?<\/a><\/h6>\n                            <\/div>\n                                                        <div class=\"blog__4__text\">\n                                <p>                                Comment acc\u00e9l\u00e9rer le succ\u00e8s de votre entreprise gr\u00e2ce au...<\/p>\n                            <\/div>\n                            <div class=\"blog__4__button\">\n                                <a class=\"default__button\" href=\"https:\/\/victorize.fr\/Agence-creation-sites-web-toulouse\/strategie-de-communication-digitale-agile-agence-web-toulouse\/\">\n                                \t                                    En savoir plus                                    <\/a>\n                            <\/div>\n                        <\/div>\n                    <\/div>\n                    \t\t            \t\t                                <div class=\"col-xl-6 col-lg-6 col-md-12 col-sm-12\" data-aos=\"fade-up\" data-aos-duration=\"1500\">\n                        <div class=\"blog__4__single blog__3__single single__transform bg__pink\">\n                        \t                            <div class=\"blog__4__img\">\n                                <img decoding=\"async\" src=\"https:\/\/victorize.fr\/Agence-creation-sites-web-toulouse\/wp-content\/uploads\/2024\/08\/blog__7-3.png\" alt=\"\">\n                            <\/div>\n                                                        <div class=\"blog__4__time\">\n                               <p class=\"bg__white\"><span class=\"text__gradient \">16 Juin, 2025<\/span><\/p>\n                            <\/div>\n                                                        <div class=\"blog__4__heading\">\n                                <h6><a href=\"https:\/\/victorize.fr\/Agence-creation-sites-web-toulouse\/agence-web-digitale-toulouse-conseil-marketing-digital-toulouse\/\">L&#039;accompagnement digital : Votre Meilleur Alli\u00e9<\/a><\/h6>\n                            <\/div>\n                                                        <div class=\"blog__4__text\">\n                                <p>                                L&rsquo;accompagnement digital : un levier strat\u00e9gique pour stimuler la...<\/p>\n                            <\/div>\n                            <div class=\"blog__4__button\">\n                                <a class=\"default__button\" href=\"https:\/\/victorize.fr\/Agence-creation-sites-web-toulouse\/agence-web-digitale-toulouse-conseil-marketing-digital-toulouse\/\">\n                                \t                                    En savoir plus                                    <\/a>\n                            <\/div>\n                        <\/div>\n                    <\/div>\n                    \t\t            \t\t                                <div class=\"col-xl-6 col-lg-6 col-md-12 col-sm-12\" data-aos=\"fade-up\" data-aos-duration=\"1500\">\n                        <div class=\"blog__4__single blog__3__single single__transform bg__pink\">\n                        \t                            <div class=\"blog__4__img\">\n                                <img decoding=\"async\" src=\"https:\/\/victorize.fr\/Agence-creation-sites-web-toulouse\/wp-content\/uploads\/2024\/08\/blog__6-3.png\" alt=\"\">\n                            <\/div>\n                                                        <div class=\"blog__4__time\">\n                               <p class=\"bg__white\"><span class=\"text__gradient \">12 Juil, 2025<\/span><\/p>\n                            <\/div>\n                                                        <div class=\"blog__4__heading\">\n                                <h6><a href=\"https:\/\/victorize.fr\/Agence-creation-sites-web-toulouse\/agence-web-toulouse-communication-et-strategie-digitale\/\">Une Bonne Strat\u00e9gie pour un projet digital r\u00e9ussi<\/a><\/h6>\n                            <\/div>\n                                                        <div class=\"blog__4__text\">\n                                <p>                                Construire une Planification Digitale Efficace Dans un monde num\u00e9rique...<\/p>\n                            <\/div>\n                            <div class=\"blog__4__button\">\n                                <a class=\"default__button\" href=\"https:\/\/victorize.fr\/Agence-creation-sites-web-toulouse\/agence-web-toulouse-communication-et-strategie-digitale\/\">\n                                \t                                    En savoir plus                                    <\/a>\n                            <\/div>\n                        <\/div>\n                    <\/div>\n                    \t\t            \t\t                                <div class=\"col-xl-6 col-lg-6 col-md-12 col-sm-12\" data-aos=\"fade-up\" data-aos-duration=\"1500\">\n                        <div class=\"blog__4__single blog__3__single single__transform bg__pink\">\n                        \t                            <div class=\"blog__4__img\">\n                                <img decoding=\"async\" src=\"https:\/\/victorize.fr\/Agence-creation-sites-web-toulouse\/wp-content\/uploads\/2024\/08\/blog__details-3.png\" alt=\"\">\n                            <\/div>\n                                                        <div class=\"blog__4__time\">\n                               <p class=\"bg__white\"><span class=\"text__gradient \">15 Juil, 2025<\/span><\/p>\n                            <\/div>\n                                                        <div class=\"blog__4__heading\">\n                                <h6><a href=\"https:\/\/victorize.fr\/Agence-creation-sites-web-toulouse\/strategie-digitale-agence-web-toulouse\/\">La strat\u00e9gie digitale qui transforme<\/a><\/h6>\n                            <\/div>\n                                                        <div class=\"blog__4__text\">\n                                <p>                                Bien plus qu\u2019une option, un vrai levier de croissance...<\/p>\n                            <\/div>\n                            <div class=\"blog__4__button\">\n                                <a class=\"default__button\" href=\"https:\/\/victorize.fr\/Agence-creation-sites-web-toulouse\/strategie-digitale-agence-web-toulouse\/\">\n                                \t                                    En savoir plus                                    <\/a>\n                            <\/div>\n                        <\/div>\n                    <\/div>\n                                    <\/div>\n                <div class=\"pagination\" data-aos=\"fade-up\" data-aos-duration=\"1500\">\n                                        <ul class=\"pagination\">\n\t<li><span aria-current=\"page\" class=\"page-numbers current\">1<\/span><\/li>\n\t<li><a class=\"page-numbers\" href=\"https:\/\/victorize.fr\/Agence-creation-sites-web-toulouse\/wp-json\/wp\/v2\/pages\/53\/page\/2\/\">2<\/a><\/li>\n\t<li><a class=\"next page-numbers\" href=\"https:\/\/victorize.fr\/Agence-creation-sites-web-toulouse\/wp-json\/wp\/v2\/pages\/53\/page\/2\/\"><i class=\"icofont-simple-right\"><\/i><\/a><\/li>\n<\/ul>\n                                                        <\/div>\n            <\/div>\n        <\/div>\n    <\/div>\n<\/div>   \n\t\t\t\t\t<\/div>\n\t\t\t\t<\/div>\n\t\t\t\t<\/div>\n\t\t\t\t<\/div>\n\t\t","protected":false},"excerpt":{"rendered":"<p>Blog Accueil \/ Blog 12 Ao\u00fbt, 2024 L\u2019Externalisation Digitale Intelligente L\u2019Externalisation Web Intelligente : Ce qu\u2019il faut savoir pour&#8230; En savoir plus 12 Ao\u00fbt, 2024 Une Bonne Strat\u00e9gie pour un projet digital r\u00e9ussi Construire une Planification Digitale Efficace Dans un monde num\u00e9rique&#8230; En savoir plus 15 Ao\u00fbt, 2024 Le digital dans un monde globalis\u00e9e \ud83c\udf0dLa [&hellip;]<\/p>\n","protected":false},"author":1,"featured_media":0,"parent":0,"menu_order":0,"comment_status":"closed","ping_status":"closed","template":"page-templates\/other-pages.php","meta":{"footnotes":""},"class_list":["post-53","page","type-page","status-publish","hentry"],"_links":{"self":[{"href":"https:\/\/victorize.fr\/Agence-creation-sites-web-toulouse\/wp-json\/wp\/v2\/pages\/53","targetHints":{"allow":["GET"]}}],"collection":[{"href":"https:\/\/victorize.fr\/Agence-creation-sites-web-toulouse\/wp-json\/wp\/v2\/pages"}],"about":[{"href":"https:\/\/victorize.fr\/Agence-creation-sites-web-toulouse\/wp-json\/wp\/v2\/types\/page"}],"author":[{"embeddable":true,"href":"https:\/\/victorize.fr\/Agence-creation-sites-web-toulouse\/wp-json\/wp\/v2\/users\/1"}],"replies":[{"embeddable":true,"href":"https:\/\/victorize.fr\/Agence-creation-sites-web-toulouse\/wp-json\/wp\/v2\/comments?post=53"}],"version-history":[{"count":0,"href":"https:\/\/victorize.fr\/Agence-creation-sites-web-toulouse\/wp-json\/wp\/v2\/pages\/53\/revisions"}],"wp:attachment":[{"href":"https:\/\/victorize.fr\/Agence-creation-sites-web-toulouse\/wp-json\/wp\/v2\/media?parent=53"}],"curies":[{"name":"wp","href":"https:\/\/api.w.org\/{rel}","templated":true}]}}