{"id":350,"date":"2024-09-29T20:37:20","date_gmt":"2024-09-29T18:37:20","guid":{"rendered":"http:\/\/victoriz.fr\/?p=350"},"modified":"2025-06-23T15:23:52","modified_gmt":"2025-06-23T13:23:52","slug":"emailing-agence-web-toulouse-saint-gaudens","status":"publish","type":"page","link":"https:\/\/victorize.fr\/Agence-creation-sites-web-toulouse\/emailing-agence-web-toulouse-saint-gaudens\/","title":{"rendered":"Emailing Gestion de campagnes d&rsquo;E-mail-marketing,\u00a0Agence web Toulouse"},"content":{"rendered":"\t\t<div data-elementor-type=\"wp-post\" data-elementor-id=\"350\" class=\"elementor elementor-350\" data-elementor-post-type=\"page\">\n\t\t\t\t<div class=\"elementor-element elementor-element-239e19b3 e-flex e-con-boxed e-con e-parent\" data-id=\"239e19b3\" data-element_type=\"container\">\n\t\t\t\t\t<div class=\"e-con-inner\">\n\t\t\t\t<div class=\"elementor-element elementor-element-7b92345f elementor-widget elementor-widget-text-editor\" data-id=\"7b92345f\" data-element_type=\"widget\" data-widget_type=\"text-editor.default\">\n\t\t\t\t<div class=\"elementor-widget-container\">\n\t\t\t\t\t\t\t\t\t<style>\n    \/* Styles pour Elementor *\/\n    .container {\n        max-width: 100%; \/* Utilise toute la largeur disponible *\/\n        margin: 0 auto;\n        padding: 10px; \/* R\u00e9duction des marges *\/\n        box-sizing: border-box; \/* Assure que tout reste dans les limites *\/\n    }\n\n    h1, h2, h3 {\n        font-weight: bold;\n        background: linear-gradient(to right, royalblue, deeppink);\n        -webkit-background-clip: text;\n        -webkit-text-fill-color: transparent;\n        margin-bottom: 15px; \/* Marges adapt\u00e9es *\/\n    }\n\n    h1 {\n        font-size: 2em; \/* Taille ajust\u00e9e *\/\n    }\n\n    h2 {\n        font-size: 1.8em;\n    }\n\n    h3 {\n        font-size: 1.4em;\n    }\n\n    p, ul {\n        margin-bottom: 10px; \/* Marges r\u00e9duites *\/\n    }\n\n    ul {\n        padding-left: 20px;\n    }\n\n    li {\n        margin-bottom: 8px;\n    }\n\n    img {\n        max-width: 100%;\n        border-radius: 10px;\n        display: block; \/* Assure que l'image prend tout l'espace disponible *\/\n        margin: 0 auto; \/* Centre les images *\/\n        box-sizing: border-box; \/* Emp\u00eache les d\u00e9bordements *\/\n    }\n\n    .block {\n        background: #ffffff;\n        padding: 20px; \/* R\u00e9duction de l'espace interne *\/\n        border-radius: 10px;\n        box-shadow: 0px 2px 10px rgba(0, 0, 0, 0.1);\n        margin-bottom: 20px; \/* R\u00e9duction de l'espacement entre les blocs *\/\n        overflow: hidden; \/* \u00c9vite les d\u00e9bordements *\/\n    }\n\n    .cta {\n        text-align: center;\n        margin: 30px 0;\n    }\n\n    .cta a {\n        display: inline-block;\n        background: linear-gradient(to right, royalblue, deeppink);\n        color: #fff;\n        padding: 12px 25px;\n        text-decoration: none;\n        border-radius: 5px;\n        font-size: 1em;\n    }\n\n    .cta a:hover {\n        background: linear-gradient(to right, deeppink, royalblue);\n    }\n\n    .row {\n        display: flex;\n        flex-wrap: wrap;\n        gap: 15px; \/* R\u00e9duction de l'espacement entre les colonnes *\/\n    }\n\n    .col {\n        flex: 1;\n        min-width: 300px;\n        box-sizing: border-box; \/* Assure que chaque colonne reste dans ses limites *\/\n    }\n\n    \/* Responsive *\/\n    @media (max-width: 768px) {\n        .container {\n            padding: 5px; \/* R\u00e9duction suppl\u00e9mentaire sur mobile *\/\n        }\n\n        h1 {\n            font-size: 1.5em; \/* Taille r\u00e9duite pour mobile *\/\n        }\n\n        h2 {\n            font-size: 1.3em;\n        }\n\n        .row {\n            flex-direction: column; \/* Les colonnes passent en ligne *\/\n        }\n\n        .col {\n            min-width: 100%; \/* Chaque colonne occupe toute la largeur *\/\n        }\n\n        img {\n            margin-bottom: 10px; \/* Ajout d'espacement sous les images *\/\n        }\n    }\n<\/style>\n\n<div class=\"container\">\n    <!-- Titre principal -->\n    <h1>Emailing &amp; Marketing Digital<\/h1>\n    <!-- Partie 1 : Campagnes d'emailing -->\n    <div class=\"block\">\n        <h2>Des campagnes d\u2019emailing cibl\u00e9es et efficaces<\/h2>\n        <p>L\u2019Agence Web Victorize optimise vos campagnes d\u2019emailing pour maximiser vos r\u00e9sultats. Nous programmons des campagnes adapt\u00e9es \u00e0 votre client\u00e8le tout en vous formant \u00e0 la gestion de contenu et \u00e0 la mise en page via des logiciels intuitifs et pratiques.<\/p>\n        <div class=\"row\">\n            <div class=\"col\">\n                <img decoding=\"async\" src=\"https:\/\/odoocdn.com\/openerp_website\/static\/src\/img\/2016\/email-marketing\/email_marketing_screenshot_02.jpg\" alt=\"Campagne d'emailing\">\n                <p>Avec nos campagnes d\u2019emailing, vous pouvez toucher une large audience gr\u00e2ce \u00e0 des mod\u00e8les personnalis\u00e9s, des messages impactants et des visuels adapt\u00e9s. Nous vous accompagnons dans la conception de newsletters attrayantes pour promouvoir vos produits et services.<\/p>\n            <\/div>\n            <div class=\"col\">\n                <img decoding=\"async\" src=\"https:\/\/odoocdn.com\/openerp_website\/static\/src\/img\/2016\/email-marketing\/email_marketing_screenshot_03.jpg\" alt=\"Segmentation de la base de donn\u00e9es\">\n                <p><b>Segmentez votre base de donn\u00e9es<\/b> pour des r\u00e9sultats optimaux. Nous analysons votre client\u00e8le et s\u00e9lectionnons les segments les plus pertinents en fonction de leur activit\u00e9, localisation et besoins.<\/p>\n            <\/div>\n        <\/div>\n        <p>Nous vous accompagnons de A \u00e0 Z, en prenant en charge :<\/p>\n        <ul>\n            <li>La conception des newsletters et la mise en page.<\/li>\n            <li>La gestion des envois cibl\u00e9s.<\/li>\n            <li>Le suivi des performances de vos campagnes.<\/li>\n        <\/ul>\n    <\/div>\n    <!-- Partie 2 : Fonctionnalit\u00e9s avanc\u00e9es -->\n    <div class=\"block\">\n        <h2>Des fonctionnalit\u00e9s avanc\u00e9es pour vos campagnes<\/h2>\n        <p>Avec Victorize, contr\u00f4lez chaque aspect de vos campagnes gr\u00e2ce \u00e0 des outils avanc\u00e9s :<\/p>\n        <ul>\n            <li><b>Analysez vos clics<\/b> : Suivez les opportunit\u00e9s g\u00e9n\u00e9r\u00e9es et \u00e9valuez le taux de conversion.<\/li>\n            <li><b>\u00c9valuez votre retour sur investissement<\/b> : Mesurez les revenus g\u00e9n\u00e9r\u00e9s par vos campagnes gr\u00e2ce \u00e0 des filtres avanc\u00e9s.<\/li>\n            <li><b>Affichage optimal<\/b> : Nos newsletters s\u2019adaptent automatiquement \u00e0 tous les appareils (ordinateurs, tablettes, smartphones).<\/li>\n            <li><b>Statistiques d\u00e9taill\u00e9es<\/b> : Obtenez des indicateurs cl\u00e9s comme le taux d\u2019ouverture, le taux de clics, le taux de rebond, les revenus g\u00e9n\u00e9r\u00e9s et bien plus encore.<\/li>\n        <\/ul>\n        <img decoding=\"async\" src=\"https:\/\/odoocdn.com\/openerp_website\/static\/src\/img\/2016\/email-marketing\/email_marketing_screenshot_08.gif\" alt=\"Analyse graphique des campagnes\">\n        <p>Nos outils permettent \u00e9galement d\u2019automatiser vos campagnes et d\u2019ajuster vos actions en temps r\u00e9el, garantissant ainsi des r\u00e9sultats mesurables et efficaces.<\/p>\n    <\/div>\n    <!-- CTA -->\n    <div class=\"cta\">\n        <h3>Pr\u00eat \u00e0 transformer vos campagnes d\u2019emailing\u202f?<\/h3>\n        <a href=\"https:\/\/victorize.fr\/agence-web-communication-digitale-toulouse-saint-gaudens-tarbes-montrejeau\/nous-ecrire\/\">\n            Contactez-nous d\u00e8s aujourd\u2019hui\n        <\/a>\n    <\/div>\n<\/div>\t\t\t\t\t\t\t\t<\/div>\n\t\t\t\t<\/div>\n\t\t\t\t\t<\/div>\n\t\t\t\t<\/div>\n\t\t\t\t<\/div>\n\t\t","protected":false},"excerpt":{"rendered":"<p>Emailing &amp; Marketing Digital Des campagnes d\u2019emailing cibl\u00e9es et efficaces L\u2019Agence Web Victorize optimise vos campagnes d\u2019emailing pour maximiser vos r\u00e9sultats. Nous programmons des campagnes adapt\u00e9es \u00e0 votre client\u00e8le tout en vous formant \u00e0 la gestion de contenu et \u00e0 la mise en page via des logiciels intuitifs et pratiques. Avec nos campagnes d\u2019emailing, vous [&hellip;]<\/p>\n","protected":false},"author":1,"featured_media":0,"parent":0,"menu_order":0,"comment_status":"closed","ping_status":"closed","template":"","meta":{"footnotes":""},"class_list":["post-350","page","type-page","status-publish","hentry"],"_links":{"self":[{"href":"https:\/\/victorize.fr\/Agence-creation-sites-web-toulouse\/wp-json\/wp\/v2\/pages\/350","targetHints":{"allow":["GET"]}}],"collection":[{"href":"https:\/\/victorize.fr\/Agence-creation-sites-web-toulouse\/wp-json\/wp\/v2\/pages"}],"about":[{"href":"https:\/\/victorize.fr\/Agence-creation-sites-web-toulouse\/wp-json\/wp\/v2\/types\/page"}],"author":[{"embeddable":true,"href":"https:\/\/victorize.fr\/Agence-creation-sites-web-toulouse\/wp-json\/wp\/v2\/users\/1"}],"replies":[{"embeddable":true,"href":"https:\/\/victorize.fr\/Agence-creation-sites-web-toulouse\/wp-json\/wp\/v2\/comments?post=350"}],"version-history":[{"count":0,"href":"https:\/\/victorize.fr\/Agence-creation-sites-web-toulouse\/wp-json\/wp\/v2\/pages\/350\/revisions"}],"wp:attachment":[{"href":"https:\/\/victorize.fr\/Agence-creation-sites-web-toulouse\/wp-json\/wp\/v2\/media?parent=350"}],"curies":[{"name":"wp","href":"https:\/\/api.w.org\/{rel}","templated":true}]}}