{"id":2054,"date":"2025-01-14T16:43:22","date_gmt":"2025-01-14T15:43:22","guid":{"rendered":"https:\/\/victorize.fr\/?p=2054"},"modified":"2025-08-02T19:01:57","modified_gmt":"2025-08-02T17:01:57","slug":"la-creation-de-site-web-lagence-web-victorize-et-ses-nombreux-avantages-2-2","status":"publish","type":"page","link":"https:\/\/victorize.fr\/Agence-creation-sites-web-toulouse\/la-creation-de-site-web-lagence-web-victorize-et-ses-nombreux-avantages-2-2\/","title":{"rendered":"Agence web &#038; Cr\u00e9ation de site web et ses avantages"},"content":{"rendered":"\t\t<div data-elementor-type=\"wp-post\" data-elementor-id=\"2054\" class=\"elementor elementor-2054\" data-elementor-post-type=\"page\">\n\t\t\t\t<div class=\"elementor-element elementor-element-104554f0 e-flex e-con-boxed e-con e-parent\" data-id=\"104554f0\" data-element_type=\"container\">\n\t\t\t\t\t<div class=\"e-con-inner\">\n\t\t\t\t<div class=\"elementor-element elementor-element-7b8053 elementor-widget elementor-widget-text-editor\" data-id=\"7b8053\" data-element_type=\"widget\" data-widget_type=\"text-editor.default\">\n\t\t\t\t<div class=\"elementor-widget-container\">\n\t\t\t\t\t\t\t\t\t<h1><span style=\"color: #0c87e0;\"><strong><b><span style=\"font-size: 14px;\">Victorize est une agence web sp\u00e9cialis\u00e9e dans la cr\u00e9ation de site web avec des strat\u00e9gies en web-marketing.<\/span><\/b><\/strong><\/span><\/h1><p><strong><b>Notre Agence web:<\/b><\/strong> <span style=\"color: #0c87e0;\">Une \u00e9quipe de sp\u00e9cialistes chevronn\u00e9s, r\u00e9unis pour vous accompagner <\/span>dans la cr\u00e9ation de site web,\u00a0 la conception UX, la cr\u00e9ation de la charte graphique, en passant par le d\u00e9veloppement d&rsquo;applications web, le d\u00e9veloppement de marque avec une strat\u00e9gie de web-marketing d&rsquo;optimisation de visibilit\u00e9 et d&rsquo;image de marque d&rsquo;entreprises.<\/p><p>Une expertise approfondie dans la cr\u00e9ation des sites web\u00a0 et en d\u00e9veloppement de sites d&rsquo;e-commerce et d&rsquo;applications mobiles.<\/p><p>L&rsquo;agence web Victorize \u00e9labore des strat\u00e9gies efficaces pour une communication digitale globale.<\/p><h1><span style=\"font-size: 16px; color: #0c87e0;\"><strong><b>Domaines d&rsquo;expertise:<\/b><\/strong><\/span><\/h1><h3><span style=\"font-size: 15px; color: #0c87e0;\"><strong><b>D\u00e9veloppement web &amp; mobile<\/b><\/strong><\/span><\/h3><p>Notre agence web vous apporte des solutions en cr\u00e9ation de site web vitrine de votre entreprise, en cr\u00e9ation de\u00a0 site d&rsquo;e-commerce, ou site de vente en ligne, ou en d\u00e9veloppement d&rsquo;application mobile, notre \u00e9quipe d&rsquo;experts vous accompagne \u00e0 la r\u00e9ussite de vos projets de communication digitale.<\/p><h2><span style=\"font-size: 15px; color: #0c87e0;\"><strong><b>Conception UX Design &amp; User Interface<\/b><\/strong><\/span><\/h2><p>L&rsquo;UX Design est essentiel pour rendre un site internet intuitif et agr\u00e9able pour les utilisateurs.<\/p><p>Nous nous concentrons sur l&rsquo;ergonomie, l&rsquo;\u00e9tude du comportement des utilisateurs, et la navigation pour offrir la meilleure exp\u00e9rience utilisateur.<\/p><h3><span style=\"font-size: 15px; color: #0c87e0;\"><strong><b>Design graphique web <\/b><\/strong><\/span><span style=\"font-size: 15px; color: #0c87e0;\"><strong><b>&amp; <\/b><\/strong><\/span><span style=\"font-size: 15px; color: #0c87e0;\"><strong><b>Branding<\/b><\/strong><\/span><\/h3><p>Notre \u00e9quipe de designers travaille pour cr\u00e9er des designs esth\u00e9tiquement attrayant pour am\u00e9liorer votre identit\u00e9 visuelle et l&rsquo;image de marque de votre entreprise.<\/p><h3><span style=\"font-size: 15px; color: #0c87e0;\"><strong><b>Data Analytic &amp; web marketing<\/b><\/strong><\/span><\/h3><p>Conna\u00eetre votre march\u00e9 et les tendances du moment. \u00catre conseill\u00e9 par des experts en communication web et \u00eatre \u00e9paul\u00e9 par des graphistes d\u00e9di\u00e9s \u00e0 votre projet pour une identit\u00e9 visuelle unique.<\/p><p>L&rsquo;agence web Victorize vous accompagne \u00e0 la r\u00e9ussite de vos projets de communication digitale par son \u00e9coute et son exp\u00e9rience en communication digitale.<\/p><h3><span style=\"font-size: 15px; color: #0c87e0;\"><strong><b>Optimisation de visibilit\u00e9<\/b><\/strong><\/span><\/h3><p>Parce qu&rsquo;\u00eatre visible sur les moteurs de recherche est plus que n\u00e9cessaire pour les entreprises face \u00e0 la concurrence, nous mettons en place des strat\u00e9gies de r\u00e9f\u00e9rencement de site web efficaces pour positionner votre site web en t\u00eate des r\u00e9sultats des moteurs de recherche.<\/p><p><span style=\"color: #0c87e0;\"><a style=\"color: #0c87e0;\" href=\"https:\/\/victorize.fr\/agence-web-communication-digitale-toulouse-saint-gaudens-tarbes-montrejeau\/nous-ecrire\/\">NOUS CONTACTER<\/a><\/span><\/p>\t\t\t\t\t\t\t\t<\/div>\n\t\t\t\t<\/div>\n\t\t\t\t\t<\/div>\n\t\t\t\t<\/div>\n\t\t\t\t<header class=\"elementor-section elementor-top-section elementor-element elementor-element-58897c25 elementor-section-height-min-height elementor-section-items-stretch elementor-section-boxed elementor-section-height-default elementor-invisible\" data-id=\"58897c25\" data-element_type=\"section\" data-settings=\"{&quot;background_background&quot;:&quot;video&quot;,&quot;background_video_link&quot;:&quot;https:\\\/\\\/www.youtube.com\\\/watch?v=LzN3WPeIhtY&quot;,&quot;background_video_start&quot;:30,&quot;animation&quot;:&quot;fadeIn&quot;,&quot;shape_divider_bottom&quot;:&quot;arrow&quot;,&quot;shape_divider_bottom_negative&quot;:&quot;yes&quot;,&quot;background_video_end&quot;:37}\">\n\t\t\t\t\t\t\t\t<div class=\"elementor-background-video-container elementor-hidden-mobile\" aria-hidden=\"true\">\n\t\t\t\t\t\t\t\t\t\t\t\t\t<div class=\"elementor-background-video-embed\"><\/div>\n\t\t\t\t\t\t\t\t\t\t\t\t<\/div>\n\t\t\t\t\t\t\t\t\t<div class=\"elementor-background-overlay\"><\/div>\n\t\t\t\t\t\t<div class=\"elementor-shape elementor-shape-bottom\" aria-hidden=\"true\" data-negative=\"true\">\n\t\t\t<svg xmlns=\"http:\/\/www.w3.org\/2000\/svg\" viewBox=\"0 0 700 10\" preserveAspectRatio=\"none\">\n\t<path class=\"elementor-shape-fill\" d=\"M360 0L350 9.9 340 0 0 0 0 10 700 10 700 0\"\/>\n<\/svg>\t\t<\/div>\n\t\t\t\t\t<div class=\"elementor-container elementor-column-gap-default\">\n\t\t\t\t\t<div class=\"elementor-column elementor-col-100 elementor-top-column elementor-element elementor-element-432d8541\" data-id=\"432d8541\" data-element_type=\"column\">\n\t\t\t<div class=\"elementor-widget-wrap elementor-element-populated\">\n\t\t\t\t\t\t<div class=\"elementor-element elementor-element-407e899e elementor-widget elementor-widget-heading\" data-id=\"407e899e\" data-element_type=\"widget\" data-widget_type=\"heading.default\">\n\t\t\t\t<div class=\"elementor-widget-container\">\n\t\t\t\t\t<h1 class=\"elementor-heading-title elementor-size-default\">PERSONALISATION DES SOLUTIONS DIGITALES<\/h1>\t\t\t\t<\/div>\n\t\t\t\t<\/div>\n\t\t\t\t<div class=\"elementor-element elementor-element-74622768 elementor-widget elementor-widget-spacer\" data-id=\"74622768\" data-element_type=\"widget\" data-widget_type=\"spacer.default\">\n\t\t\t\t<div class=\"elementor-widget-container\">\n\t\t\t\t\t\t\t<div class=\"elementor-spacer\">\n\t\t\t<div class=\"elementor-spacer-inner\"><\/div>\n\t\t<\/div>\n\t\t\t\t\t\t<\/div>\n\t\t\t\t<\/div>\n\t\t\t\t\t<\/div>\n\t\t<\/div>\n\t\t\t\t\t<\/div>\n\t\t<\/header>\n\t\t\t\t<section class=\"elementor-section elementor-top-section elementor-element elementor-element-3fc607c3 elementor-section-height-min-height elementor-section-boxed elementor-section-height-default elementor-section-items-middle\" data-id=\"3fc607c3\" data-element_type=\"section\" data-settings=\"{&quot;background_background&quot;:&quot;classic&quot;}\">\n\t\t\t\t\t\t<div class=\"elementor-container elementor-column-gap-wider\">\n\t\t\t\t\t<div class=\"elementor-column elementor-col-25 elementor-top-column elementor-element elementor-element-2e82885f elementor-invisible\" data-id=\"2e82885f\" data-element_type=\"column\" data-settings=\"{&quot;animation&quot;:&quot;fadeIn&quot;,&quot;animation_delay&quot;:300,&quot;background_background&quot;:&quot;classic&quot;}\">\n\t\t\t<div class=\"elementor-widget-wrap elementor-element-populated\">\n\t\t\t\t\t\t<div class=\"elementor-element elementor-element-44767c11 elementor-position-top elementor-invisible elementor-widget elementor-widget-image-box\" data-id=\"44767c11\" data-element_type=\"widget\" data-settings=\"{&quot;_animation&quot;:&quot;fadeIn&quot;,&quot;_animation_delay&quot;:300}\" data-widget_type=\"image-box.default\">\n\t\t\t\t<div class=\"elementor-widget-container\">\n\t\t\t\t\t<div class=\"elementor-image-box-wrapper\"><figure class=\"elementor-image-box-img\"><img decoding=\"async\" src=\"https:\/\/victorize.fr\/wp-content\/uploads\/2025\/02\/trending-up.png\" title=\"\" alt=\"\" class=\"elementor-animation-float\" loading=\"lazy\" \/><\/figure><div class=\"elementor-image-box-content\"><h3 class=\"elementor-image-box-title\">Audit Strat\u00e9gie<\/h3><p class=\"elementor-image-box-description\">D\u00e9veloppement de strat\u00e9gie digitale align\u00e9e sur les objectifs commerciaux.<\/p><\/div><\/div>\t\t\t\t<\/div>\n\t\t\t\t<\/div>\n\t\t\t\t\t<\/div>\n\t\t<\/div>\n\t\t\t\t<div class=\"elementor-column elementor-col-25 elementor-top-column elementor-element elementor-element-4939b33f elementor-invisible\" data-id=\"4939b33f\" data-element_type=\"column\" data-settings=\"{&quot;animation&quot;:&quot;fadeIn&quot;,&quot;animation_delay&quot;:300,&quot;background_background&quot;:&quot;classic&quot;}\">\n\t\t\t<div class=\"elementor-widget-wrap elementor-element-populated\">\n\t\t\t\t\t\t<div class=\"elementor-element elementor-element-5b6eb304 elementor-position-top elementor-invisible elementor-widget elementor-widget-image-box\" data-id=\"5b6eb304\" data-element_type=\"widget\" data-settings=\"{&quot;_animation&quot;:&quot;fadeIn&quot;,&quot;_animation_delay&quot;:300}\" data-widget_type=\"image-box.default\">\n\t\t\t\t<div class=\"elementor-widget-container\">\n\t\t\t\t\t<div class=\"elementor-image-box-wrapper\"><figure class=\"elementor-image-box-img\"><img decoding=\"async\" src=\"https:\/\/victorize.fr\/wp-content\/uploads\/2025\/02\/layout-2.png\" title=\"\" alt=\"\" class=\"elementor-animation-float\" loading=\"lazy\" \/><\/figure><div class=\"elementor-image-box-content\"><h3 class=\"elementor-image-box-title\">Cr\u00e9ation web<\/h3><p class=\"elementor-image-box-description\">La cr\u00e9ation de site web ergonomique,responsive et optimis\u00e9.<\/p><\/div><\/div>\t\t\t\t<\/div>\n\t\t\t\t<\/div>\n\t\t\t\t\t<\/div>\n\t\t<\/div>\n\t\t\t\t<div class=\"elementor-column elementor-col-25 elementor-top-column elementor-element elementor-element-3e94775c elementor-invisible\" data-id=\"3e94775c\" data-element_type=\"column\" data-settings=\"{&quot;animation&quot;:&quot;fadeIn&quot;,&quot;animation_delay&quot;:300,&quot;background_background&quot;:&quot;classic&quot;}\">\n\t\t\t<div class=\"elementor-widget-wrap elementor-element-populated\">\n\t\t\t\t\t\t<div class=\"elementor-element elementor-element-29e52f2c elementor-position-top elementor-invisible elementor-widget elementor-widget-image-box\" data-id=\"29e52f2c\" data-element_type=\"widget\" data-settings=\"{&quot;_animation&quot;:&quot;fadeIn&quot;,&quot;_animation_delay&quot;:300}\" data-widget_type=\"image-box.default\">\n\t\t\t\t<div class=\"elementor-widget-container\">\n\t\t\t\t\t<div class=\"elementor-image-box-wrapper\"><figure class=\"elementor-image-box-img\"><img decoding=\"async\" src=\"https:\/\/victorize.fr\/wp-content\/uploads\/2025\/02\/share-2.png\" title=\"\" alt=\"\" class=\"elementor-animation-float\" loading=\"lazy\" \/><\/figure><div class=\"elementor-image-box-content\"><h3 class=\"elementor-image-box-title\">Web marketing<\/h3><p class=\"elementor-image-box-description\">Gestion de CRM, Email Marketing, Customer Data , chatbot, \"Avis client\")<\/p><\/div><\/div>\t\t\t\t<\/div>\n\t\t\t\t<\/div>\n\t\t\t\t\t<\/div>\n\t\t<\/div>\n\t\t\t\t<div class=\"elementor-column elementor-col-25 elementor-top-column elementor-element elementor-element-44bd03f7 elementor-invisible\" data-id=\"44bd03f7\" data-element_type=\"column\" data-settings=\"{&quot;animation&quot;:&quot;fadeIn&quot;,&quot;animation_delay&quot;:300,&quot;background_background&quot;:&quot;classic&quot;}\">\n\t\t\t<div class=\"elementor-widget-wrap elementor-element-populated\">\n\t\t\t\t\t\t<div class=\"elementor-element elementor-element-7b9ff24 elementor-position-top elementor-invisible elementor-widget elementor-widget-image-box\" data-id=\"7b9ff24\" data-element_type=\"widget\" data-settings=\"{&quot;_animation&quot;:&quot;fadeIn&quot;,&quot;_animation_delay&quot;:300}\" data-widget_type=\"image-box.default\">\n\t\t\t\t<div class=\"elementor-widget-container\">\n\t\t\t\t\t<div class=\"elementor-image-box-wrapper\"><figure class=\"elementor-image-box-img\"><img decoding=\"async\" src=\"https:\/\/victorize.fr\/wp-content\/uploads\/2025\/02\/bar-chart-1.png\" title=\"\" alt=\"\" class=\"elementor-animation-float\" loading=\"lazy\" \/><\/figure><div class=\"elementor-image-box-content\"><h3 class=\"elementor-image-box-title\">SEO SEM SEA<\/h3><p class=\"elementor-image-box-description\">Optimisation de visibilit\u00e9 sur les moteurs de recherche<\/p><\/div><\/div>\t\t\t\t<\/div>\n\t\t\t\t<\/div>\n\t\t\t\t\t<\/div>\n\t\t<\/div>\n\t\t\t\t\t<\/div>\n\t\t<\/section>\n\t\t\t\t<\/div>\n\t\t","protected":false},"excerpt":{"rendered":"<p>Victorize est une agence web sp\u00e9cialis\u00e9e dans la cr\u00e9ation de site web avec des strat\u00e9gies en web-marketing. Notre Agence web: Une \u00e9quipe de sp\u00e9cialistes chevronn\u00e9s, r\u00e9unis pour vous accompagner dans la cr\u00e9ation de site web,\u00a0 la conception UX, la cr\u00e9ation de la charte graphique, en passant par le d\u00e9veloppement d&rsquo;applications web, le d\u00e9veloppement de marque [&hellip;]<\/p>\n","protected":false},"author":1,"featured_media":0,"parent":0,"menu_order":0,"comment_status":"closed","ping_status":"closed","template":"elementor_theme","meta":{"footnotes":""},"class_list":["post-2054","page","type-page","status-publish","hentry"],"_links":{"self":[{"href":"https:\/\/victorize.fr\/Agence-creation-sites-web-toulouse\/wp-json\/wp\/v2\/pages\/2054","targetHints":{"allow":["GET"]}}],"collection":[{"href":"https:\/\/victorize.fr\/Agence-creation-sites-web-toulouse\/wp-json\/wp\/v2\/pages"}],"about":[{"href":"https:\/\/victorize.fr\/Agence-creation-sites-web-toulouse\/wp-json\/wp\/v2\/types\/page"}],"author":[{"embeddable":true,"href":"https:\/\/victorize.fr\/Agence-creation-sites-web-toulouse\/wp-json\/wp\/v2\/users\/1"}],"replies":[{"embeddable":true,"href":"https:\/\/victorize.fr\/Agence-creation-sites-web-toulouse\/wp-json\/wp\/v2\/comments?post=2054"}],"version-history":[{"count":0,"href":"https:\/\/victorize.fr\/Agence-creation-sites-web-toulouse\/wp-json\/wp\/v2\/pages\/2054\/revisions"}],"wp:attachment":[{"href":"https:\/\/victorize.fr\/Agence-creation-sites-web-toulouse\/wp-json\/wp\/v2\/media?parent=2054"}],"curies":[{"name":"wp","href":"https:\/\/api.w.org\/{rel}","templated":true}]}}