{"id":2027,"date":"2024-09-11T07:09:50","date_gmt":"2024-09-11T07:09:50","guid":{"rendered":"https:\/\/shthemes.net\/demosd\/bastun\/?page_id=2027"},"modified":"2026-03-07T15:52:52","modified_gmt":"2026-03-07T14:52:52","slug":"contact-2","status":"publish","type":"page","link":"https:\/\/victorize.fr\/Agence-creation-sites-web-toulouse\/contact-2\/","title":{"rendered":"Contact"},"content":{"rendered":"\t\t<div data-elementor-type=\"wp-page\" data-elementor-id=\"2027\" class=\"elementor elementor-2027\" data-elementor-post-type=\"page\">\n\t\t\t\t<div class=\"elementor-element elementor-element-39eb879 e-con-full e-flex e-con e-parent\" data-id=\"39eb879\" data-element_type=\"container\">\n\t\t\t\t<div class=\"elementor-element elementor-element-e15bd78 elementor-align-left elementor-widget elementor-widget-bdevs-banner-blog\" data-id=\"e15bd78\" data-element_type=\"widget\" data-widget_type=\"bdevs-banner-blog.default\">\n\t\t\t\t<div class=\"elementor-widget-container\">\n\t\t\t\t\t  \r\n<div class=\"breadcrumbarea aos-init aos-animate\" data-aos=\"fade-up\" style=\"background: url(https:\/\/victorize.fr\/wp-content\/uploads\/2024\/08\/about__bg__1.jpg);\">\r\n    <div class=\"container\">\r\n        <div class=\"row\">\r\n            <div class=\"col-xl-12\" data-aos=\"fade-up\" data-aos-duration=\"1500\">\r\n                <div class=\"breadcrumbarea__content__wraper\">\r\n                \t                    <div class=\"breadcrumbarea__title\">\r\n                        <h2 class=\"heading\">Explorons ensemble vos besoins<\/h2>\r\n                    <\/div>\r\n                                        <div class=\"breadcrumbarea__inner\">\r\n                        <ul>\r\n                            <li><a href=\"https:\/\/victorize.fr\/\">Accueil<\/a><\/li>\r\n                            <li>\/<\/li>\r\n                            <li> Nous joindre <\/li>\r\n                        <\/ul>\r\n                    <\/div>\r\n                <\/div>\r\n            <\/div>\r\n        <\/div>\r\n    <\/div>\r\n<\/div>\r\n\t\t\t\t\t<\/div>\n\t\t\t\t<\/div>\n\t\t\t\t<\/div>\n\t\t<div class=\"elementor-element elementor-element-02db552 e-con-full e-flex e-con e-parent\" data-id=\"02db552\" data-element_type=\"container\">\n\t\t\t\t<div class=\"elementor-element elementor-element-ee7e0a1 elementor-align-left elementor-widget elementor-widget-bdevs-contact-other-pages\" data-id=\"ee7e0a1\" data-element_type=\"widget\" data-widget_type=\"bdevs-contact-other-pages.default\">\n\t\t\t\t<div class=\"elementor-widget-container\">\n\t\t\t\t\t  \r\n<div class=\"contact contact__pages sp_top_140 sp_bottom_80\">\r\n    <div class=\"container\">\r\n        <div class=\"row\">\r\n            <div class=\"col-xl-12\" data-aos=\"fade-up\" data-aos-duration=\"1500\">\r\n                <div class=\"section__title text-center sp_bottom_80\">\r\n                \t                    <div class=\"section__title__button\">\r\n                        <span class=\"text__gradient \">PRENDRE CONTACT<\/span>\r\n                    <\/div>\r\n                                                            <div class=\"section__title__heading contact__heading\">\r\n                        <h3><section class=\"victorize-contact-section\">   <a href=\"#contact\" class=\"btn-top\">Pour une solution personnalis\u00e9e<\/a>   <h2 class=\"contact-title\"><br>Explorons ensemble<br>vos besoins<\/h2>   <p class=\"contact-subtitle\">   <p class=\"contact-highlight\"><span class=\"text__gradient\">R\u00e9ponse sous 24\u202fh.<\/p> <\/section><\/h3>\r\n                    <\/div>\r\n                                    <\/div>\r\n            <\/div>\r\n                        <div class=\"col-xl-7 col-lg-7 col-md-12 col-sm-12\" data-aos=\"fade-up\" data-aos-duration=\"1500\">\r\n                <div class=\"contact__input__wrapper contact__grident__bg\">\r\n                    \n<div class=\"wpcf7 no-js\" id=\"wpcf7-f3184-o1\" lang=\"en-US\" dir=\"ltr\" data-wpcf7-id=\"3184\">\n<div class=\"screen-reader-response\"><p role=\"status\" aria-live=\"polite\" aria-atomic=\"true\"><\/p> <ul><\/ul><\/div>\n<form action=\"\/Agence-creation-sites-web-toulouse\/wp-json\/wp\/v2\/pages\/2027#wpcf7-f3184-o1\" method=\"post\" class=\"wpcf7-form init\" aria-label=\"Contact form\" novalidate=\"novalidate\" data-status=\"init\">\n<fieldset class=\"hidden-fields-container\"><input type=\"hidden\" name=\"_wpcf7\" value=\"3184\" \/><input type=\"hidden\" name=\"_wpcf7_version\" value=\"6.1.5\" \/><input type=\"hidden\" name=\"_wpcf7_locale\" value=\"en_US\" \/><input type=\"hidden\" name=\"_wpcf7_unit_tag\" value=\"wpcf7-f3184-o1\" \/><input type=\"hidden\" name=\"_wpcf7_container_post\" value=\"0\" \/><input type=\"hidden\" name=\"_wpcf7_posted_data_hash\" value=\"\" \/>\n<\/fieldset>\n<div class=\"row\">\n\t<div class=\"col-xl-12\">\n\t\t<div class=\"contact__input\">\n\t\t\t<p><span class=\"wpcf7-form-control-wrap\" data-name=\"your-name\"><input size=\"40\" maxlength=\"400\" class=\"wpcf7-form-control wpcf7-text wpcf7-validates-as-required contact__common__input\" aria-required=\"true\" aria-invalid=\"false\" placeholder=\"Votre Nom\" value=\"\" type=\"text\" name=\"your-name\" \/><\/span>\n\t\t\t<\/p>\n\t\t<\/div>\n\t<\/div>\n\t<div class=\"col-xl-6\">\n\t\t<div class=\"contact__input\">\n\t\t\t<p><span class=\"wpcf7-form-control-wrap\" data-name=\"your-email\"><input size=\"40\" maxlength=\"400\" class=\"wpcf7-form-control wpcf7-email wpcf7-validates-as-required wpcf7-text wpcf7-validates-as-email contact__common__input\" aria-required=\"true\" aria-invalid=\"false\" placeholder=\"Email\" value=\"\" type=\"email\" name=\"your-email\" \/><\/span>\n\t\t\t<\/p>\n\t\t<\/div>\n\t<\/div>\n\t<div class=\"col-xl-6\">\n\t\t<div class=\"contact__input\">\n\t\t\t<p><span class=\"wpcf7-form-control-wrap\" data-name=\"your-phone\"><input size=\"40\" maxlength=\"400\" class=\"wpcf7-form-control wpcf7-text wpcf7-validates-as-required contact__common__input\" aria-required=\"true\" aria-invalid=\"false\" placeholder=\"T\u00e9l\u00e9phone\" value=\"\" type=\"text\" name=\"your-phone\" \/><\/span>\n\t\t\t<\/p>\n\t\t<\/div>\n\t<\/div>\n\t<div class=\"col-xl-12\">\n\t\t<p><span class=\"wpcf7-form-control-wrap\" data-name=\"your-subject\"><select class=\"wpcf7-form-control wpcf7-select wpcf7-validates-as-required contact__common__input\" id=\"cars\" aria-required=\"true\" aria-invalid=\"false\" name=\"your-subject\"><option value=\"Votre projet:\">Votre projet:<\/option><option value=\"Cr\u00e9ation de site web\">Cr\u00e9ation de site web<\/option><option value=\"R\u00e9f\u00e9rencement SEO SEA\">R\u00e9f\u00e9rencement SEO SEA<\/option><option value=\"Marketing digital\">Marketing digital<\/option><option value=\"D\u00e9veloppement sur mesure\">D\u00e9veloppement sur mesure<\/option><option value=\"Prise de contact\">Prise de contact<\/option><\/select><\/span>\n\t\t<\/p>\n\t<\/div>\n\t<div class=\"col-xl-12\">\n\t\t<p><span class=\"wpcf7-form-control-wrap\" data-name=\"your-message\"><textarea cols=\"40\" rows=\"10\" maxlength=\"2000\" class=\"wpcf7-form-control wpcf7-textarea wpcf7-validates-as-required contact__common__input\" aria-required=\"true\" aria-invalid=\"false\" placeholder=\"Votre message....\" name=\"your-message\"><\/textarea><\/span>\n\t\t<\/p>\n\t<\/div>\n\t<div class=\"col-xl-12\">\n\t\t<div class=\"contact__button\">\n\t\t\t<p><input class=\"wpcf7-form-control wpcf7-submit has-spinner default__button\" type=\"submit\" value=\"Envoyez nous votre message\" \/>\n\t\t\t<\/p>\n\t\t<\/div>\n\t<\/div>\n<\/div><div class=\"wpcf7-response-output\" aria-hidden=\"true\"><\/div>\n<\/form>\n<\/div>\n                <\/div>\r\n            <\/div>\r\n                        <div class=\"col-xl-5 col-lg-5 col-md-12 col-sm-12 contact__info__right\" data-aos=\"fade-up\" data-aos-duration=\"1500\">\r\n                <div class=\"contact__info\">\r\n                \t                    <div class=\"contact__single__item\" data-aos=\"fade-up\" data-aos-duration=\"1500\">\r\n                        <div class=\"contact__icon\">\r\n                            <span>\r\n                                <svg xmlns=\"http:\/\/www.w3.org\/2000\/svg\" width=\"25\" height=\"25\" viewBox=\"0 0 25 25\" fill=\"none\"><g clip-path=\"url(#clip0_1501_3784)\"><path d=\"M21.3388 3.66116C18.9779 1.30024 15.8388 0 12.5 0C9.16119 0 6.02207 1.30024 3.66116 3.66116C1.30024 6.02207 0 9.16119 0 12.5C0 15.8388 1.30024 18.9779 3.66116 21.3388C6.02207 23.6998 9.16119 25 12.5 25C15.8388 25 18.9779 23.6998 21.3388 21.3388C23.6998 18.9779 25 15.8388 25 12.5C25 9.16119 23.6998 6.02207 21.3388 3.66116ZM13.2257 23.5107V22.0125C13.2257 21.608 12.8979 21.2801 12.4933 21.2801C12.089 21.2801 11.7609 21.608 11.7609 22.0125V23.5098C6.26163 23.1443 1.85204 18.7326 1.48983 13.2324H3.11508C3.51944 13.2324 3.8475 12.9045 3.8475 12.5C3.8475 12.0955 3.51944 11.7676 3.11508 11.7676H1.48983C1.85223 6.26297 6.26869 1.8486 11.7743 1.48926V3.0365C11.7743 3.44105 12.1021 3.76892 12.5067 3.76892C12.911 3.76892 13.2391 3.44105 13.2391 3.0365V1.49021C18.7384 1.85566 23.148 6.26736 23.5102 11.7676H22.0022C21.5979 11.7676 21.2698 12.0955 21.2698 12.5C21.2698 12.9045 21.5979 13.2324 22.0022 13.2324H23.5102C23.1478 18.737 18.7313 23.1514 13.2257 23.5107Z\" fill=\"url(#paint0_linear_1501_3784)\"><\/path><path d=\"M14.4014 13.5136C14.5632 13.2111 14.6553 12.8663 14.6553 12.5001C14.6553 12.2529 14.613 12.0152 14.5359 11.794L17.1404 9.18948C17.4263 8.90356 17.4263 8.4397 17.1404 8.15379C16.8543 7.86768 16.3906 7.86768 16.1045 8.15379L13.607 10.6513C13.283 10.4565 12.9042 10.3442 12.4994 10.3442C11.3108 10.3442 10.3438 11.3114 10.3438 12.5001C10.3438 13.6887 11.3108 14.6557 12.4994 14.6557C12.7871 14.6557 13.0615 14.5987 13.3125 14.4961L18.4605 19.644C18.6035 19.7871 18.791 19.8586 18.9783 19.8586C19.1658 19.8586 19.3533 19.7871 19.4964 19.644C19.7823 19.3581 19.7823 18.8943 19.4964 18.6083L14.4014 13.5136ZM11.8084 12.5001C11.8084 12.119 12.1185 11.809 12.4994 11.809C12.8803 11.809 13.1905 12.1192 13.1905 12.5001C13.1905 12.881 12.8803 13.1911 12.4994 13.1911C12.1185 13.1911 11.8084 12.8811 11.8084 12.5001Z\" fill=\"url(#paint1_linear_1501_3784)\"><\/path><\/g><defs><linearGradient id=\"paint0_linear_1501_3784\" x1=\"5.10511e-08\" y1=\"14.6552\" x2=\"25\" y2=\"14.6552\" gradientUnits=\"userSpaceOnUse\"><stop stop-color=\"#00229E\"><\/stop><stop offset=\"0.479167\" stop-color=\"#6E1299\"><\/stop><stop offset=\"1\" stop-color=\"#FE0094\"><\/stop><\/linearGradient><linearGradient id=\"paint1_linear_1501_3784\" x1=\"10.3438\" y1=\"14.9264\" x2=\"19.7108\" y2=\"14.9264\" gradientUnits=\"userSpaceOnUse\"><stop stop-color=\"#00229E\"><\/stop><stop offset=\"0.479167\" stop-color=\"#6E1299\"><\/stop><stop offset=\"1\" stop-color=\"#FE0094\"><\/stop><\/linearGradient><clipPath id=\"clip0_1501_3784\"><rect width=\"25\" height=\"25\" fill=\"white\"><\/rect><\/clipPath><\/defs><\/svg>                            <\/span>\r\n                        <\/div>\r\n                        <div class=\"contact__text\">\r\n                            <h6>Horaires:<\/h6>\r\n                            <p>Lundi - Vendredi: 9 H - 17H <\/p>\r\n                            <p><br>Ensemble discutons de vos objectifs.<\/p>\r\n                        <\/div>\r\n                    <\/div>\r\n\r\n                                        <div class=\"contact__single__item\" data-aos=\"fade-up\" data-aos-duration=\"1500\">\r\n                        <div class=\"contact__icon\">\r\n                            <span>\r\n                                <svg xmlns=\"http:\/\/www.w3.org\/2000\/svg\" width=\"25\" height=\"25\" viewBox=\"0 0 25 25\" fill=\"none\"><g clip-path=\"url(#clip0_1501_3772)\"><path d=\"M19.7592 15.4866C19.2474 14.9537 18.6301 14.6688 17.9758 14.6688C17.3268 14.6688 16.7042 14.9484 16.1713 15.4813L14.5039 17.1434C14.3667 17.0695 14.2295 17.0009 14.0976 16.9323C13.9077 16.8374 13.7283 16.7477 13.5753 16.6527C12.0134 15.6607 10.5941 14.368 9.23277 12.6954C8.57321 11.8617 8.13 11.1599 7.80813 10.4476C8.2408 10.0519 8.64181 9.64033 9.03226 9.24459C9.18 9.09685 9.32774 8.94384 9.47548 8.7961C10.5835 7.68805 10.5835 6.25286 9.47548 5.14482L8.03502 3.70435C7.87145 3.54078 7.70261 3.37194 7.54431 3.20309C7.22773 2.87596 6.89531 2.53826 6.55235 2.22168C6.04053 1.71514 5.42847 1.44604 4.78474 1.44604C4.14102 1.44604 3.5184 1.71514 2.99076 2.22168C2.98549 2.22696 2.98549 2.22696 2.98021 2.23223L1.18623 4.04204C0.510844 4.71743 0.125666 5.54055 0.0412429 6.49558C-0.0853912 8.03629 0.368381 9.47148 0.716625 10.4107C1.5714 12.7165 2.8483 14.8534 4.75309 17.1434C7.06416 19.903 9.84483 22.0821 13.0212 23.6176C14.2348 24.1927 15.8547 24.8734 17.6645 24.9894C17.7753 24.9947 17.8914 25 17.9969 25C19.2158 25 20.2394 24.562 21.0414 23.6914C21.0467 23.6809 21.0572 23.6756 21.0625 23.6651C21.3369 23.3326 21.6535 23.0319 21.9859 22.71C22.2128 22.4937 22.4449 22.2668 22.6718 22.0294C23.1942 21.4859 23.4685 20.8527 23.4685 20.2037C23.4685 19.5494 23.1889 18.9216 22.656 18.3939L19.7592 15.4866ZM21.6482 21.0427C21.6429 21.0427 21.6429 21.0479 21.6482 21.0427C21.4424 21.2643 21.2313 21.4648 21.0045 21.6864C20.6615 22.0135 20.3133 22.3565 19.9861 22.7417C19.4532 23.3115 18.8253 23.5806 18.0022 23.5806C17.923 23.5806 17.8386 23.5806 17.7595 23.5754C16.1924 23.4751 14.7361 22.863 13.6439 22.3407C10.6574 20.8949 8.03502 18.8424 5.85586 16.2411C4.0566 14.0725 2.85358 12.0675 2.05684 9.9147C1.56613 8.60087 1.38673 7.57725 1.46588 6.61166C1.51864 5.99432 1.75608 5.48251 2.19402 5.04456L3.99328 3.2453C4.25183 3.00259 4.5262 2.87068 4.7953 2.87068C5.12771 2.87068 5.39681 3.07118 5.56566 3.24003C5.57093 3.2453 5.57621 3.25058 5.58148 3.25586C5.90335 3.55661 6.20938 3.86792 6.53124 4.20034C6.69481 4.36918 6.86365 4.53803 7.0325 4.71215L8.47296 6.15261C9.03226 6.71191 9.03226 7.229 8.47296 7.7883C8.31995 7.94132 8.17221 8.09434 8.01919 8.24207C7.57597 8.69585 7.15386 9.11796 6.69481 9.52952C6.68426 9.54007 6.6737 9.54535 6.66843 9.5559C6.21465 10.0097 6.29908 10.4529 6.39405 10.7537C6.39933 10.7695 6.40461 10.7853 6.40988 10.8011C6.78451 11.7087 7.31215 12.5635 8.11417 13.5818L8.11944 13.5871C9.57574 15.3811 11.1112 16.7793 12.8049 17.8504C13.0212 17.9876 13.2428 18.0984 13.4539 18.204C13.6439 18.2989 13.8233 18.3886 13.9763 18.4836C13.9974 18.4942 14.0185 18.51 14.0396 18.5205C14.219 18.6102 14.3878 18.6525 14.562 18.6525C14.9999 18.6525 15.2743 18.3781 15.364 18.2884L17.1685 16.4838C17.3479 16.3044 17.6328 16.0881 17.9652 16.0881C18.2924 16.0881 18.5615 16.2939 18.725 16.4733C18.7303 16.4786 18.7303 16.4786 18.7356 16.4838L21.6429 19.3912C22.1864 19.9293 22.1864 20.4834 21.6482 21.0427Z\" fill=\"url(#paint0_linear_1501_3772)\"><\/path><path d=\"M13.5121 5.94676C14.8945 6.17892 16.1503 6.83319 17.1528 7.83571C18.1554 8.83823 18.8044 10.094 19.0418 11.4764C19.0998 11.8247 19.4006 12.0674 19.7436 12.0674C19.7858 12.0674 19.8227 12.0621 19.8649 12.0569C20.2554 11.9935 20.5139 11.6242 20.4506 11.2337C20.1657 9.5611 19.3742 8.03622 18.1659 6.82792C16.9576 5.61962 15.4327 4.82815 13.7601 4.54323C13.3696 4.47991 13.0056 4.73846 12.937 5.12363C12.8684 5.50881 13.1217 5.88344 13.5121 5.94676Z\" fill=\"url(#paint1_linear_1501_3772)\"><\/path><path d=\"M24.9734 11.028C24.5038 8.27374 23.2058 5.76744 21.2114 3.77295C19.2169 1.77846 16.7106 0.480461 13.9563 0.0108597C13.5711 -0.0577338 13.207 0.206087 13.1384 0.591266C13.0751 0.981721 13.3337 1.34579 13.7241 1.41439C16.1829 1.83123 18.4254 2.99731 20.2088 4.77547C21.9923 6.5589 23.1531 8.80138 23.5699 11.2602C23.628 11.6084 23.9287 11.8511 24.2717 11.8511C24.3139 11.8511 24.3508 11.8459 24.393 11.8406C24.7782 11.7826 25.042 11.4132 24.9734 11.028Z\" fill=\"url(#paint2_linear_1501_3772)\"><\/path><\/g><defs><linearGradient id=\"paint0_linear_1501_3772\" x1=\"0.0195313\" y1=\"15.2535\" x2=\"23.4685\" y2=\"15.2535\" gradientUnits=\"userSpaceOnUse\"><stop stop-color=\"#00229E\"><\/stop><stop offset=\"0.479167\" stop-color=\"#6E1299\"><\/stop><stop offset=\"1\" stop-color=\"#FE0094\"><\/stop><\/linearGradient><linearGradient id=\"paint1_linear_1501_3772\" x1=\"12.9258\" y1=\"8.95\" x2=\"20.4601\" y2=\"8.95\" gradientUnits=\"userSpaceOnUse\"><stop stop-color=\"#00229E\"><\/stop><stop offset=\"0.479167\" stop-color=\"#6E1299\"><\/stop><stop offset=\"1\" stop-color=\"#FE0094\"><\/stop><\/linearGradient><linearGradient id=\"paint2_linear_1501_3772\" x1=\"13.1289\" y1=\"6.94722\" x2=\"24.9843\" y2=\"6.94722\" gradientUnits=\"userSpaceOnUse\"><stop stop-color=\"#00229E\"><\/stop><stop offset=\"0.479167\" stop-color=\"#6E1299\"><\/stop><stop offset=\"1\" stop-color=\"#FE0094\"><\/stop><\/linearGradient><clipPath id=\"clip0_1501_3772\"><rect width=\"25\" height=\"25\" fill=\"white\"><\/rect><\/clipPath><\/defs><\/svg>                            <\/span>\r\n                        <\/div>\r\n                        <div class=\"contact__text\">\r\n                            <h6>NOUS APPELER<\/h6>\r\n                            <p>(+33) 955 17 20 95<\/p>\r\n                            <p><\/p>\r\n                        <\/div>\r\n                    <\/div>\r\n\r\n                                        <div class=\"contact__single__item\" data-aos=\"fade-up\" data-aos-duration=\"1500\">\r\n                        <div class=\"contact__icon\">\r\n                            <span>\r\n                                <svg xmlns=\"http:\/\/www.w3.org\/2000\/svg\" width=\"25\" height=\"25\" viewBox=\"0 0 25 25\" fill=\"none\"><path d=\"M19.9763 3.09698C17.9792 1.09986 15.3239 0 12.4995 0C9.67521 0 7.01983 1.09986 5.02276 3.09698C3.02564 5.09415 1.92578 7.74943 1.92578 10.5737C1.92578 16.2872 7.32804 21.0394 10.2303 23.5924C10.6337 23.9472 10.982 24.2536 11.2594 24.5128C11.6071 24.8375 12.0533 25 12.4995 25C12.9457 25 13.3919 24.8375 13.7396 24.5128C14.0171 24.2536 14.3654 23.9472 14.7687 23.5924C17.671 21.0393 23.0732 16.2872 23.0732 10.5737C23.0732 7.74943 21.9734 5.09415 19.9763 3.09698ZM13.8014 22.4929C13.3892 22.8555 13.0333 23.1686 12.7399 23.4427C12.6051 23.5685 12.3939 23.5686 12.2591 23.4427C11.9656 23.1685 11.6097 22.8554 11.1975 22.4929C8.46901 20.0927 3.39014 15.625 3.39014 10.5738C3.39014 5.55089 7.47652 1.4645 12.4994 1.4645C17.5223 1.4645 21.6087 5.55089 21.6087 10.5738C21.6087 15.625 16.5299 20.0927 13.8014 22.4929Z\" fill=\"url(#paint0_linear_1501_3759)\"><\/path><path d=\"M12.4996 5.51465C9.93018 5.51465 7.83984 7.60494 7.83984 10.1743C7.83984 12.7437 9.93018 14.834 12.4996 14.834C15.069 14.834 17.1592 12.7437 17.1592 10.1743C17.1592 7.60494 15.069 5.51465 12.4996 5.51465ZM12.4996 13.3695C10.7377 13.3695 9.3043 11.9361 9.3043 10.1743C9.3043 8.41246 10.7377 6.97906 12.4996 6.97906C14.2614 6.97906 15.6948 8.41246 15.6948 10.1743C15.6948 11.9361 14.2614 13.3695 12.4996 13.3695Z\" fill=\"url(#paint1_linear_1501_3759)\"><\/path><defs><linearGradient id=\"paint0_linear_1501_3759\" x1=\"1.92578\" y1=\"14.6551\" x2=\"23.0732\" y2=\"14.6551\" gradientUnits=\"userSpaceOnUse\"><stop stop-color=\"#00229E\"><\/stop><stop offset=\"0.479167\" stop-color=\"#6E1299\"><\/stop><stop offset=\"1\" stop-color=\"#FE0094\"><\/stop><\/linearGradient><linearGradient id=\"paint1_linear_1501_3759\" x1=\"7.83984\" y1=\"10.9777\" x2=\"17.1592\" y2=\"10.9777\" gradientUnits=\"userSpaceOnUse\"><stop stop-color=\"#00229E\"><\/stop><stop offset=\"0.479167\" stop-color=\"#6E1299\"><\/stop><stop offset=\"1\" stop-color=\"#FE0094\"><\/stop><\/linearGradient><\/defs><\/svg>                            <\/span>\r\n                        <\/div>\r\n                        <div class=\"contact__text\">\r\n                            <h6>Adresse:<\/h6>\r\n                            <p>1 Esp. Compans Caffarelli<\/p>\r\n                            <p>31000 Toulouse<\/p>\r\n                        <\/div>\r\n                    <\/div>\r\n\r\n                                    <\/div>\r\n                                <div class=\"contact__img\" data-aos=\"fade-up\" data-aos-duration=\"1500\">\r\n                    <img decoding=\"async\" src=\"https:\/\/victorize.fr\/wp-content\/uploads\/2024\/08\/contact.png\" alt=\"\">\r\n                <\/div>\r\n                            <\/div>\r\n        <\/div>\r\n    <\/div>\r\n<\/div>\r\n<div class=\"contact__map sp_bottom_140\" data-aos=\"fade-up\" data-aos-duration=\"1500\">\r\n    <div class=\"container\">\r\n        <div class=\"row\">\r\n            <div class=\"col-xl-12\">\r\n                <iframe src=\"https:\/\/www.google.com\/maps\/embed?pb=!1m18!1m12!1m3!1d310950.55159685604!2d1.2900260384813478!3d43.60774396534177!2m3!1f0!2f0!3f0!3m2!1i1024!2i768!4f13.1!3m3!1m2!1s0xb0f5383c808ae3f%3A0x9e0efe7ad58b07f3!2sVICTORIZE!5e0!3m2!1sfr!2sfr!4v1745345643842!5m2!1sfr!2sfr\" width=\"600\" height=\"450\" style=\"border:0;\" allowfullscreen=\"\" loading=\"lazy\" referrerpolicy=\"no-referrer-when-downgrade\" width=\"100%\" height=\"450\" style=\"border:0;\" allowfullscreen=\"\" loading=\"lazy\" referrerpolicy=\"no-referrer-when-downgrade\"><\/iframe>\r\n\r\n            <\/div>\r\n        <\/div>\r\n    <\/div>\r\n<\/div>\r\n\t\t\t\t\t<\/div>\n\t\t\t\t<\/div>\n\t\t\t\t<\/div>\n\t\t\t\t<\/div>\n\t\t","protected":false},"excerpt":{"rendered":"<p>Explorons ensemble vos besoins Accueil \/ Nous joindre PRENDRE CONTACT Pour une solution personnalis\u00e9e Explorons ensemblevos besoins R\u00e9ponse sous 24\u202fh. Votre projet:Cr\u00e9ation de site webR\u00e9f\u00e9rencement SEO SEAMarketing digitalD\u00e9veloppement sur mesurePrise de contact Horaires: Lundi &#8211; Vendredi: 9 H &#8211; 17H Ensemble discutons de vos objectifs. NOUS APPELER (+33) 955 17 20 95 Adresse: 1 Esp. [&hellip;]<\/p>\n","protected":false},"author":1,"featured_media":0,"parent":0,"menu_order":0,"comment_status":"closed","ping_status":"closed","template":"page-templates\/other-pages.php","meta":{"footnotes":""},"class_list":["post-2027","page","type-page","status-publish","hentry"],"_links":{"self":[{"href":"https:\/\/victorize.fr\/Agence-creation-sites-web-toulouse\/wp-json\/wp\/v2\/pages\/2027","targetHints":{"allow":["GET"]}}],"collection":[{"href":"https:\/\/victorize.fr\/Agence-creation-sites-web-toulouse\/wp-json\/wp\/v2\/pages"}],"about":[{"href":"https:\/\/victorize.fr\/Agence-creation-sites-web-toulouse\/wp-json\/wp\/v2\/types\/page"}],"author":[{"embeddable":true,"href":"https:\/\/victorize.fr\/Agence-creation-sites-web-toulouse\/wp-json\/wp\/v2\/users\/1"}],"replies":[{"embeddable":true,"href":"https:\/\/victorize.fr\/Agence-creation-sites-web-toulouse\/wp-json\/wp\/v2\/comments?post=2027"}],"version-history":[{"count":0,"href":"https:\/\/victorize.fr\/Agence-creation-sites-web-toulouse\/wp-json\/wp\/v2\/pages\/2027\/revisions"}],"wp:attachment":[{"href":"https:\/\/victorize.fr\/Agence-creation-sites-web-toulouse\/wp-json\/wp\/v2\/media?parent=2027"}],"curies":[{"name":"wp","href":"https:\/\/api.w.org\/{rel}","templated":true}]}}